{"id":664,"date":"2025-12-03T13:33:34","date_gmt":"2025-12-03T12:33:34","guid":{"rendered":"https:\/\/www.icare-electronics.com\/about-us\/"},"modified":"2026-04-07T13:30:27","modified_gmt":"2026-04-07T11:30:27","slug":"a-propos","status":"publish","type":"page","link":"https:\/\/www.icare-electronics.com\/fr\/a-propos\/","title":{"rendered":"A propos de nous"},"content":{"rendered":"\n<div class=\"wp-block-group alignfull icare-hero has-base-color has-neutral-accent-background-color has-text-color has-background has-link-color wp-elements-38b9302937dde00fc001f95dd935ea13 has-global-padding is-layout-constrained wp-block-group-is-layout-constrained\" style=\"margin-top:0;margin-bottom:0;padding-top:var(--wp--preset--spacing--medium);padding-bottom:var(--wp--preset--spacing--xx-large);--octopods-group-overlay-gradient:linear-gradient(245deg,rgba(28,45,56,0.91) 0%,rgba(0,110,184,0.7) 50%,rgba(28,45,56,0.91) 100%);--octopods-group-background-image:url(https:\/\/www.icare-electronics.com\/wp-content\/uploads\/2025\/12\/cepya-10-1618x1080.jpg);--octopods-group-background-position:51% 60%;--octopods-group-background-size:cover;--octopods-group-background-repeat:no-repeat;--octopods-group-background-attachment:scroll;--octopods-group-position:relative;aspect-ratio:unset;\" data-aos=\"fade\" data-aos-duration=\"950\" data-aos-easing=\"ease-in-out\" data-aos-once=\"true\">\n<div style=\"height:150px\" aria-hidden=\"true\" class=\"wp-block-spacer\"><\/div>\n\n\n\n<div style=\"height:80px\" aria-hidden=\"true\" class=\"wp-block-spacer\"><\/div>\n\n\n\n<div style=\"height:10vh\" aria-hidden=\"true\" class=\"wp-block-spacer\"><\/div>\n\n\n\n<div class=\"wp-block-group is-vertical is-content-justification-center is-layout-flex wp-container-core-group-is-layout-4eb4b0f8 wp-block-group-is-layout-flex\">\n<h1 class=\"wp-block-heading has-text-align-center\">Comptez sur notre exp\u00e9rience<\/h1>\n\n\n\n<p class=\"has-text-align-center has-x-large-font-size\">Votre partenaire de confiance pour des \u00e9quipements \u00e9lectroniques durables et performants<\/p>\n\n\n\n<div class=\"wp-block-buttons is-content-justification-center is-layout-flex wp-container-core-buttons-is-layout-a89b3969 wp-block-buttons-is-layout-flex\">\n<div class=\"wp-block-button\"><a class=\"wp-block-button__link has-secondary-background-color has-background wp-element-button\" href=\"#en-savoir-plus\" style=\"border-style:none;border-width:0px;border-radius:5px\">En savoir plus<\/a><\/div>\n\n\n\n<div class=\"wp-block-button\"><a class=\"wp-block-button__link has-secondary-color has-base-background-color has-text-color has-background has-link-color wp-element-button\" href=\"https:\/\/www.icare-electronics.com\/fr\/contact\/\" style=\"border-radius:5px\">Obtenir un devis<\/a><\/div>\n<\/div>\n<\/div>\n\n\n\n<div style=\"height:100px\" aria-hidden=\"true\" class=\"wp-block-spacer\"><\/div>\n\n\n\n<div class=\"wp-block-group alignfull is-layout-flow wp-block-group-is-layout-flow\" style=\"margin-top:0px;margin-bottom:0px;--octopods-group-position:absolute;--octopods-group-bottom:0px;--octopods-group-left:0px;--octopods-group-right:0px\"><\/div>\n<\/div>\n\n\n\n<div class=\"wp-block-getwid-anchor\" id=\"en-savoir-plus\"><\/div>\n\n\n\n<div class=\"wp-block-group alignfull has-global-padding is-layout-constrained wp-container-core-group-is-layout-ffd334f5 wp-block-group-is-layout-constrained\" style=\"margin-top:0;margin-bottom:0;padding-top:var(--wp--preset--spacing--large);padding-right:var(--wp--preset--spacing--medium);padding-bottom:var(--wp--preset--spacing--medium);padding-left:var(--wp--preset--spacing--medium);--octopods-group-z-index:2\">\n<div class=\"wp-block-group has-global-padding is-layout-constrained wp-container-core-group-is-layout-8378186d wp-block-group-is-layout-constrained\" style=\"border-radius:0px;margin-top:0;margin-bottom:0;padding-top:var(--wp--preset--spacing--medium);padding-right:var(--wp--preset--spacing--medium);padding-bottom:var(--wp--preset--spacing--medium);padding-left:var(--wp--preset--spacing--medium);box-shadow:var(--wp--preset--shadow--natural)\">\n<div class=\"wp-block-columns is-style-columns-reverse is-layout-flex wp-container-core-columns-is-layout-0780762d wp-block-columns-is-layout-flex\">\n<div class=\"wp-block-column is-vertically-aligned-center is-layout-flow wp-block-column-is-layout-flow\" style=\"padding-top:var(--wp--preset--spacing--x-small);padding-right:0;padding-bottom:var(--wp--preset--spacing--x-small);padding-left:0;flex-basis:40%\">\n<h2 class=\"wp-block-heading has-text-align-center has-primary-color has-text-color has-link-color wp-elements-cd7ae5ce82d8bffe1bfdf11fa21d22ee\">Qui sommes-nous ?<\/h2>\n<\/div>\n\n\n\n<div class=\"wp-block-column is-vertically-aligned-center is-layout-flow wp-container-core-column-is-layout-0a386c5a wp-block-column-is-layout-flow\" style=\"flex-basis:70%\">\n<div class=\"wp-block-group is-vertical is-layout-flex wp-container-core-group-is-layout-7aa4b7fc wp-block-group-is-layout-flex\">\n<div class=\"wp-block-group has-global-padding is-layout-constrained wp-container-core-group-is-layout-7d0d3654 wp-block-group-is-layout-constrained\">\n<p>Fond\u00e9e en 2014, I-care Electronics a d\u00e9velopp\u00e9 une approche d\u00e9di\u00e9e au d\u00e9veloppement de projets \u00e9lectroniques tout au long du cycle de vie du produit.<\/p>\n\n\n\n<p>Forte de plus de dix ans d\u2019exp\u00e9rience industrielle, notre \u00e9quipe op\u00e8re \u00e0 l\u2019intersection du d\u00e9veloppement \u00e9lectronique, de l\u2019assemblage de PCB et de l\u2019int\u00e9gration compl\u00e8te de produits, offrant une approche structur\u00e9e et fiable des services de fabrication \u00e9lectronique.<\/p>\n<\/div>\n\n\n\n<div class=\"wp-block-buttons is-content-justification-left is-layout-flex wp-container-core-buttons-is-layout-fc4fd283 wp-block-buttons-is-layout-flex\">\n<div class=\"wp-block-button\"><a class=\"wp-block-button__link wp-element-button\" href=\"https:\/\/www.icare-electronics.com\/fr\/contact\/\" style=\"border-radius:5px\">Contactez-nous<\/a><\/div>\n<\/div>\n<\/div>\n<\/div>\n<\/div>\n<\/div>\n<\/div>\n\n\n\n<div class=\"wp-block-group alignfull has-background has-global-padding is-layout-constrained wp-container-core-group-is-layout-ffd334f5 wp-block-group-is-layout-constrained\" style=\"border-style:none;border-width:0px;background:linear-gradient(180deg,rgb(255,255,255) 0%,rgb(247,248,253) 100%);margin-top:0;margin-bottom:0;padding-top:var(--wp--preset--spacing--large);padding-right:var(--wp--preset--spacing--medium);padding-bottom:var(--wp--preset--spacing--medium);padding-left:var(--wp--preset--spacing--medium);--octopods-group-z-index:2\">\n<div class=\"wp-block-group has-global-padding is-layout-constrained wp-container-core-group-is-layout-3c11d74c wp-block-group-is-layout-constrained\" style=\"border-radius:0px;margin-top:0;margin-bottom:0;padding-top:var(--wp--preset--spacing--medium);padding-right:var(--wp--preset--spacing--medium);padding-bottom:var(--wp--preset--spacing--medium);padding-left:var(--wp--preset--spacing--medium)\">\n<div class=\"wp-block-columns is-style-columns-reverse is-layout-flex wp-container-core-columns-is-layout-0780762d wp-block-columns-is-layout-flex\">\n<div class=\"wp-block-column is-vertically-aligned-center is-layout-flow wp-container-core-column-is-layout-0a386c5a wp-block-column-is-layout-flow\" style=\"flex-basis:60%\">\n<div class=\"wp-block-group is-vertical is-layout-flex wp-container-core-group-is-layout-7aa4b7fc wp-block-group-is-layout-flex\">\n<h2 class=\"wp-block-heading has-text-align-left has-primary-color has-text-color has-link-color wp-elements-16db448a58420a1b0230463051b42f7e\">Nos valeurs<\/h2>\n\n\n\n<div class=\"wp-block-group has-global-padding is-layout-constrained wp-container-core-group-is-layout-7d0d3654 wp-block-group-is-layout-constrained\">\n<div class=\"wp-block-group has-global-padding is-layout-constrained wp-container-core-group-is-layout-7d0d3654 wp-block-group-is-layout-constrained\">\n<p>Depuis le d\u00e9but, notre croissance est guid\u00e9e par trois principes fondamentaux qui d\u00e9finissent la mani\u00e8re dont les projets sont r\u00e9alis\u00e9s et dont les partenariats \u00e0 long terme sont \u00e9tablis.<\/p>\n\n\n\n<p><strong>Nos valeurs fondamentales :<\/strong><\/p>\n\n\n\n<ul class=\"wp-block-list\">\n<li>Qualit\u00e9 int\u00e9gr\u00e9e \u00e0 chaque \u00e9tape de la production<\/li>\n\n\n\n<li>Flexibilit\u00e9 pour s\u2019adapter aux besoins techniques et industriels en \u00e9volution<\/li>\n\n\n\n<li>Engagement personnalis\u00e9 du prototype \u00e0 la production en s\u00e9rie<\/li>\n<\/ul>\n\n\n\n<p>Port\u00e9e par ces valeurs, I-care Electronics a connu une croissance constante et s\u2019est impos\u00e9e comme un partenaire de confiance dans de nombreux secteurs, notamment l\u2019\u00e9nergie, le m\u00e9dical, l\u2019a\u00e9rospatiale, la d\u00e9fense, le transport, les t\u00e9l\u00e9communications, la s\u00e9curit\u00e9, le g\u00e9nie civil et l\u2019a\u00e9ronautique.<\/p>\n<\/div>\n<\/div>\n\n\n\n<div class=\"wp-block-buttons is-content-justification-left is-layout-flex wp-container-core-buttons-is-layout-fc4fd283 wp-block-buttons-is-layout-flex\">\n<div class=\"wp-block-button\"><a class=\"wp-block-button__link wp-element-button\" href=\"https:\/\/www.icare-electronics.com\/fr\/contact\/\" style=\"border-radius:5px\"><strong>\u00c9changer avec nos \u00e9quipes<\/strong><\/a><\/div>\n<\/div>\n<\/div>\n<\/div>\n\n\n\n<div class=\"wp-block-column is-vertically-aligned-center is-layout-flow wp-block-column-is-layout-flow\" style=\"padding-top:var(--wp--preset--spacing--x-small);padding-right:0;padding-bottom:var(--wp--preset--spacing--x-small);padding-left:0;flex-basis:40%\">\n<div class=\"wp-block-group has-global-padding is-layout-constrained wp-block-group-is-layout-constrained\">\n<figure class=\"wp-block-image alignright size-large is-style-default wp-duotone-unset-3\"><img alt=\"\" loading=\"lazy\" decoding=\"async\" width=\"1024\" height=\"684\" src=\"https:\/\/www.icare-electronics.com\/wp-content\/uploads\/2025\/12\/cepya-10-1024x684.jpg\" alt=\"\" class=\"wp-image-74\" style=\"box-shadow:var(--wp--preset--shadow--natural);aspect-ratio:3\/4;object-fit:cover\" srcset=\"https:\/\/www.icare-electronics.com\/wp-content\/uploads\/2025\/12\/cepya-10-1024x684.jpg 1024w, https:\/\/www.icare-electronics.com\/wp-content\/uploads\/2025\/12\/cepya-10-300x200.jpg 300w, https:\/\/www.icare-electronics.com\/wp-content\/uploads\/2025\/12\/cepya-10-768x513.jpg 768w, https:\/\/www.icare-electronics.com\/wp-content\/uploads\/2025\/12\/cepya-10-1536x1025.jpg 1536w, https:\/\/www.icare-electronics.com\/wp-content\/uploads\/2025\/12\/cepya-10-2048x1367.jpg 2048w, https:\/\/www.icare-electronics.com\/wp-content\/uploads\/2025\/12\/cepya-10-600x401.jpg 600w, https:\/\/www.icare-electronics.com\/wp-content\/uploads\/2025\/12\/cepya-10-1200x801.jpg 1200w, https:\/\/www.icare-electronics.com\/wp-content\/uploads\/2025\/12\/cepya-10-1618x1080.jpg 1618w\" sizes=\"auto, (max-width: 1024px) 100vw, 1024px\" \/><\/figure>\n<\/div>\n<\/div>\n<\/div>\n<\/div>\n<\/div>\n\n\n\n<div class=\"wp-block-group alignfull has-background has-global-padding is-layout-constrained wp-container-core-group-is-layout-ffd334f5 wp-block-group-is-layout-constrained\" style=\"background:linear-gradient(0deg,rgb(255,255,255) 0%,rgb(247,248,253) 100%);margin-top:0;margin-bottom:0;padding-top:var(--wp--preset--spacing--large);padding-right:var(--wp--preset--spacing--medium);padding-bottom:var(--wp--preset--spacing--medium);padding-left:var(--wp--preset--spacing--medium);--octopods-group-z-index:2\">\n<div class=\"wp-block-group has-global-padding is-layout-constrained wp-container-core-group-is-layout-3c11d74c wp-block-group-is-layout-constrained\" style=\"border-radius:0px;margin-top:0;margin-bottom:0;padding-top:var(--wp--preset--spacing--medium);padding-right:var(--wp--preset--spacing--medium);padding-bottom:var(--wp--preset--spacing--medium);padding-left:var(--wp--preset--spacing--medium)\">\n<div class=\"wp-block-columns is-style-columns-reverse is-layout-flex wp-container-core-columns-is-layout-0780762d wp-block-columns-is-layout-flex\">\n<div class=\"wp-block-column is-vertically-aligned-center is-layout-flow wp-block-column-is-layout-flow\" style=\"padding-top:var(--wp--preset--spacing--x-small);padding-right:0;padding-bottom:var(--wp--preset--spacing--x-small);padding-left:0;flex-basis:40%\">\n<figure class=\"wp-block-image alignleft size-large\"><img alt=\"\" loading=\"lazy\" decoding=\"async\" width=\"1024\" height=\"684\" src=\"https:\/\/www.icare-electronics.com\/wp-content\/uploads\/2025\/12\/cepya-01-1024x684.jpg\" alt=\"\" class=\"wp-image-65\" style=\"box-shadow:var(--wp--preset--shadow--natural);aspect-ratio:3\/4;object-fit:cover\" srcset=\"https:\/\/www.icare-electronics.com\/wp-content\/uploads\/2025\/12\/cepya-01-1024x684.jpg 1024w, https:\/\/www.icare-electronics.com\/wp-content\/uploads\/2025\/12\/cepya-01-300x200.jpg 300w, https:\/\/www.icare-electronics.com\/wp-content\/uploads\/2025\/12\/cepya-01-768x513.jpg 768w, https:\/\/www.icare-electronics.com\/wp-content\/uploads\/2025\/12\/cepya-01-1536x1025.jpg 1536w, https:\/\/www.icare-electronics.com\/wp-content\/uploads\/2025\/12\/cepya-01-2048x1367.jpg 2048w, https:\/\/www.icare-electronics.com\/wp-content\/uploads\/2025\/12\/cepya-01-600x401.jpg 600w, https:\/\/www.icare-electronics.com\/wp-content\/uploads\/2025\/12\/cepya-01-1200x801.jpg 1200w, https:\/\/www.icare-electronics.com\/wp-content\/uploads\/2025\/12\/cepya-01-1618x1080.jpg 1618w\" sizes=\"auto, (max-width: 1024px) 100vw, 1024px\" \/><\/figure>\n<\/div>\n\n\n\n<div class=\"wp-block-column is-vertically-aligned-center is-layout-flow wp-container-core-column-is-layout-0a386c5a wp-block-column-is-layout-flow\" style=\"flex-basis:70%\">\n<div class=\"wp-block-group is-vertical is-layout-flex wp-container-core-group-is-layout-7aa4b7fc wp-block-group-is-layout-flex\">\n<h2 class=\"wp-block-heading has-text-align-left has-primary-color has-text-color has-link-color wp-elements-1c7d7a95a415986b9ca26be109efa2e8\">Une \u00e9tape majeure : rejoindre I-care Group<\/h2>\n\n\n\n<div class=\"wp-block-group has-global-padding is-layout-constrained wp-container-core-group-is-layout-7d0d3654 wp-block-group-is-layout-constrained\">\n<p>Les investissements continus, l\u2019innovation et la croissance renforcent notre position dans la fabrication \u00e9lectronique en Europe tout en pr\u00e9servant une approche humaine, accessible et centr\u00e9e sur le client.<\/p>\n\n\n\n<p><strong>Ce qui guide notre vision :<\/strong><\/p>\n\n\n\n<ul class=\"wp-block-list\">\n<li>Investissement continu dans les technologies modernes<\/li>\n\n\n\n<li>Innovation en phase avec les d\u00e9fis industriels futurs<\/li>\n\n\n\n<li>Croissance ax\u00e9e sur la qualit\u00e9 et la fiabilit\u00e9 \u00e0 long terme<\/li>\n\n\n\n<li>Approche centr\u00e9e sur l\u2019humain \u00e0 chaque \u00e9tape de la collaboration<\/li>\n<\/ul>\n<\/div>\n\n\n\n<div class=\"wp-block-buttons is-content-justification-left is-layout-flex wp-container-core-buttons-is-layout-fc4fd283 wp-block-buttons-is-layout-flex\">\n<div class=\"wp-block-button\"><a class=\"wp-block-button__link wp-element-button\" href=\"https:\/\/www.icare-electronics.com\/fr\/contact\/\" style=\"border-radius:5px\">Demander un devis<\/a><\/div>\n<\/div>\n<\/div>\n<\/div>\n<\/div>\n<\/div>\n<\/div>\n\n\n\n<div class=\"wp-block-group alignfull is-style-default has-global-padding is-layout-constrained wp-container-core-group-is-layout-2de01f97 wp-block-group-is-layout-constrained\" style=\"padding-top:var(--wp--preset--spacing--large);padding-right:var(--wp--preset--spacing--medium);padding-bottom:var(--wp--preset--spacing--medium);padding-left:var(--wp--preset--spacing--medium)\">\n<div class=\"wp-block-group is-layout-grid wp-container-core-group-is-layout-79a98d3f wp-block-group-is-layout-grid\" style=\"--octopods-group-grid-columns-tablet:2;--octopods-group-grid-columns-mobile:1\">\n<div class=\"wp-block-group has-base-background-color has-background has-global-padding is-layout-constrained wp-container-core-group-is-layout-0b4cc052 wp-block-group-is-layout-constrained\" style=\"border-radius:0px;padding-top:var(--wp--preset--spacing--medium);padding-right:var(--wp--preset--spacing--medium);padding-bottom:var(--wp--preset--spacing--medium);padding-left:var(--wp--preset--spacing--medium);box-shadow:var(--wp--preset--shadow--natural);--octopods-group-box-shadow:rgba(48,75,130,.15) 0 0 25px 0\">\n<div class=\"wp-block-group has-primary-color has-text-color has-link-color wp-elements-4689e07788091292c5e9f87978e2eb38 is-content-justification-center is-nowrap is-layout-flex wp-container-core-group-is-layout-71978bd4 wp-block-group-is-layout-flex\">\n<h2 class=\"wp-block-heading has-text-align-center\">Notre engagement<\/h2>\n<\/div>\n\n\n\n<div class=\"wp-block-group has-global-padding is-layout-constrained wp-container-core-group-is-layout-7d0d3654 wp-block-group-is-layout-constrained\">\n<p class=\"has-text-align-left\">Transformer les id\u00e9es en solutions \u00e9lectroniques fiables et performantes reste notre objectif principal.<\/p>\n\n\n\n<p class=\"has-text-align-left\">Notre \u00e9quipe accompagne les projets du concept au produit final, en mettant constamment l\u2019accent sur la qualit\u00e9, la confiance et la rigueur d\u2019ex\u00e9cution.<\/p>\n\n\n\n<p class=\"has-text-align-left\"><strong>Ce que nous garantissons :<\/strong><\/p>\n\n\n\n<ul class=\"wp-block-list\">\n<li>Qualit\u00e9 sup\u00e9rieure \u00e0 chaque \u00e9tape de la production<\/li>\n\n\n\n<li>Capacit\u00e9 de production flexible adapt\u00e9e aux besoins du projet<\/li>\n\n\n\n<li>Confidentialit\u00e9 totale et protection des donn\u00e9es<\/li>\n\n\n\n<li>Tra\u00e7abilit\u00e9 compl\u00e8te des composants, de l\u2019approvisionnement \u00e0 la livraison<\/li>\n<\/ul>\n<\/div>\n<\/div>\n\n\n\n<div class=\"wp-block-group has-base-background-color has-background has-global-padding is-layout-constrained wp-container-core-group-is-layout-0b4cc052 wp-block-group-is-layout-constrained\" style=\"border-radius:0px;padding-top:var(--wp--preset--spacing--medium);padding-right:var(--wp--preset--spacing--medium);padding-bottom:var(--wp--preset--spacing--medium);padding-left:var(--wp--preset--spacing--medium);box-shadow:var(--wp--preset--shadow--natural);--octopods-group-box-shadow:rgba(48,75,130,.15) 0 0 25px 0\">\n<div class=\"wp-block-group has-primary-color has-text-color has-link-color wp-elements-d1ded436aca817c55e69125da0fb391e is-content-justification-center is-nowrap is-layout-flex wp-container-core-group-is-layout-71978bd4 wp-block-group-is-layout-flex\">\n<h2 class=\"wp-block-heading has-text-align-center\">Notre vision<\/h2>\n<\/div>\n\n\n\n<div class=\"wp-block-group has-global-padding is-layout-constrained wp-container-core-group-is-layout-7d0d3654 wp-block-group-is-layout-constrained\">\n<p class=\"has-text-align-left\">Les investissements continus, l\u2019innovation et la croissance renforcent notre position dans la fabrication \u00e9lectronique en Europe, tout en pr\u00e9servant une approche humaine, accessible et centr\u00e9e sur le client.<\/p>\n\n\n\n<p class=\"has-text-align-left\"><strong>Ce qui guide notre vision :<\/strong><\/p>\n\n\n\n<ul class=\"wp-block-list\">\n<li>Investissement continu dans les technologies modernes<\/li>\n\n\n\n<li>Innovation align\u00e9e avec les d\u00e9fis industriels futurs<\/li>\n\n\n\n<li>Croissance fond\u00e9e sur la qualit\u00e9 et la fiabilit\u00e9 \u00e0 long terme<\/li>\n\n\n\n<li>Approche centr\u00e9e sur l\u2019humain \u00e0 chaque \u00e9tape de la collaboration<\/li>\n<\/ul>\n<\/div>\n<\/div>\n<\/div>\n\n\n\n<div class=\"wp-block-buttons is-content-justification-center is-layout-flex wp-container-core-buttons-is-layout-a89b3969 wp-block-buttons-is-layout-flex\">\n<div class=\"wp-block-button\"><a class=\"wp-block-button__link has-secondary-background-color has-background wp-element-button\" href=\"https:\/\/www.icare-electronics.com\/fr\/contact\/\" style=\"border-radius:5px\">D\u00e9marrer la discussion<\/a><\/div>\n<\/div>\n<\/div>\n\n\n\n<div class=\"wp-block-group alignfull has-global-padding is-layout-constrained wp-container-core-group-is-layout-17e7fb5a wp-block-group-is-layout-constrained\" style=\"margin-top:0;margin-bottom:0;padding-top:var(--wp--preset--spacing--large);padding-right:var(--wp--preset--spacing--medium);padding-bottom:0;padding-left:var(--wp--preset--spacing--medium);box-shadow:none\">\n<div class=\"wp-block-group alignfull has-base-color has-text-color has-link-color wp-elements-f4f41d4a750d5d027e8a17444e880a2f has-global-padding is-layout-constrained wp-container-core-group-is-layout-8a670221 wp-block-group-is-layout-constrained\" style=\"border-radius:0px;margin-top:0;margin-bottom:0;padding-top:var(--wp--preset--spacing--large);padding-right:0;padding-bottom:var(--wp--preset--spacing--large);padding-left:0;box-shadow:var(--wp--preset--shadow--natural);--octopods-group-overlay-gradient:linear-gradient(226deg,rgb(0,109,184) 29%,rgb(28,45,56) 69%)\">\n<p class=\"has-text-align-center has-xx-large-font-size\"><strong><strong>Lancez votre prochain projet \u00e9lectronique.<br>En toute confiance.<\/strong><\/strong><\/p>\n\n\n\n<div class=\"wp-block-buttons is-content-justification-center is-layout-flex wp-container-core-buttons-is-layout-c9017129 wp-block-buttons-is-layout-flex\" style=\"padding-bottom:0\">\n<div class=\"wp-block-button is-style-default\"><a class=\"wp-block-button__link has-secondary-background-color has-background has-text-align-center wp-element-button\" href=\"https:\/\/www.icare-electronics.com\/fr\/contact\/\" style=\"border-radius:5px\">Contactez-nous<\/a><\/div>\n<\/div>\n<\/div>\n<\/div>\n","protected":false},"excerpt":{"rendered":"<p>Comptez sur notre exp\u00e9rience Votre partenaire de confiance pour des \u00e9quipements \u00e9lectroniques durables et performants Qui sommes-nous ? Fond\u00e9e en 2014, I-care Electronics a d\u00e9velopp\u00e9 une approche d\u00e9di\u00e9e au d\u00e9veloppement de projets \u00e9lectroniques tout au long du cycle de vie du produit. Forte de plus de dix ans d\u2019exp\u00e9rience industrielle, notre \u00e9quipe op\u00e8re \u00e0 l\u2019intersection [&hellip;]<\/p>\n","protected":false},"author":4,"featured_media":0,"parent":0,"menu_order":0,"comment_status":"closed","ping_status":"closed","template":"no-title","meta":{"_seopress_robots_primary_cat":"","_seopress_titles_title":"","_seopress_titles_desc":"I-care Electronics fournit des solutions \u00e9lectroniques fiables, alliant expertise industrielle, innovation et qualit\u00e9, en tant que membre du groupe I-care.","_seopress_robots_index":"","footnotes":""},"class_list":["post-664","page","type-page","status-publish"],"_links":{"self":[{"href":"https:\/\/www.icare-electronics.com\/fr\/wp-json\/wp\/v2\/pages\/664","targetHints":{"allow":["GET"]}}],"collection":[{"href":"https:\/\/www.icare-electronics.com\/fr\/wp-json\/wp\/v2\/pages"}],"about":[{"href":"https:\/\/www.icare-electronics.com\/fr\/wp-json\/wp\/v2\/types\/page"}],"author":[{"embeddable":true,"href":"https:\/\/www.icare-electronics.com\/fr\/wp-json\/wp\/v2\/users\/4"}],"replies":[{"embeddable":true,"href":"https:\/\/www.icare-electronics.com\/fr\/wp-json\/wp\/v2\/comments?post=664"}],"version-history":[{"count":0,"href":"https:\/\/www.icare-electronics.com\/fr\/wp-json\/wp\/v2\/pages\/664\/revisions"}],"wp:attachment":[{"href":"https:\/\/www.icare-electronics.com\/fr\/wp-json\/wp\/v2\/media?parent=664"}],"curies":[{"name":"wp","href":"https:\/\/api.w.org\/{rel}","templated":true}]}}