{"id":693,"date":"2025-12-12T06:58:12","date_gmt":"2025-12-12T05:58:12","guid":{"rendered":"https:\/\/www.icare-electronics.com\/services\/development\/"},"modified":"2026-04-07T13:31:52","modified_gmt":"2026-04-07T11:31:52","slug":"development","status":"publish","type":"page","link":"https:\/\/www.icare-electronics.com\/fr\/services\/development\/","title":{"rendered":"D\u00e9veloppement"},"content":{"rendered":"\n<div class=\"wp-block-group alignfull icare-hero is-style-default has-background has-global-padding is-layout-constrained wp-block-group-is-layout-constrained\" style=\"background:linear-gradient(180deg,rgb(255,255,255) 0%,rgb(247,248,253) 100%);margin-top:0;margin-bottom:0;padding-top:var(--wp--preset--spacing--medium);padding-bottom:var(--wp--preset--spacing--x-large);--octopods-group-overflow:hidden;--octopods-group-position:relative\">\n<div class=\"wp-block-columns are-vertically-aligned-center is-layout-flex wp-container-core-columns-is-layout-28f84493 wp-block-columns-is-layout-flex\">\n<div class=\"wp-block-column is-vertically-aligned-center is-layout-flow wp-container-core-column-is-layout-c7b3064f wp-block-column-is-layout-flow\">\n<div class=\"wp-block-group is-vertical is-layout-flex wp-container-core-group-is-layout-e9e558ad wp-block-group-is-layout-flex\"><nav  aria-label=\"Fil d&#039;Ariane\"><ol class=\"breadcrumb\" itemscope itemtype=\"https:\/\/schema.org\/BreadcrumbList\"><li class=\"breadcrumb-item active\" aria-current=\"page\" itemprop=\"itemListElement\" itemscope itemtype=\"https:\/\/schema.org\/ListItem\"><span itemprop=\"name\">Accueil<\/span><meta itemprop=\"position\" content=\"1\"><\/li><\/ol><\/nav>\n\n\n\n<h2 class=\"wp-block-heading has-secondary-color has-text-color has-link-color wp-elements-08d177dce23ef6f5e56025b2745c5290\">Expertise avanc\u00e9e en d\u00e9veloppement \u00e9lectronique<\/h2>\n<\/div>\n\n\n\n<div class=\"wp-block-group is-vertical is-layout-flex wp-container-core-group-is-layout-e9e558ad wp-block-group-is-layout-flex\">\n<p>Chez I-care Electronics, le d\u00e9veloppement \u00e9lectronique est men\u00e9 avec m\u00e9thode, clart\u00e9 et rigueur d\u2019ex\u00e9cution.<\/p>\n\n\n\n<p>De la d\u00e9finition initiale des sp\u00e9cifications \u00e0 la conception valid\u00e9e, nos ing\u00e9nieurs fournissent des solutions \u00e9lectroniques fiables, align\u00e9es sur les objectifs de production, en conciliant performance, fiabilit\u00e9 et d\u00e9lais de mise sur le march\u00e9.<\/p>\n<\/div>\n\n\n\n<div class=\"wp-block-buttons is-content-justification-left is-layout-flex wp-container-core-buttons-is-layout-fc4fd283 wp-block-buttons-is-layout-flex\">\n<div class=\"wp-block-button\"><a class=\"wp-block-button__link has-secondary-background-color has-background wp-element-button\" href=\"#en-savoir-plus\">En savoir plus<\/a><\/div>\n<\/div>\n<\/div>\n\n\n\n<div class=\"wp-block-column is-vertically-aligned-center is-layout-flow wp-block-column-is-layout-flow\">\n<figure class=\"wp-block-image size-full has-custom-border\"><img alt=\"\" loading=\"lazy\" decoding=\"async\" width=\"2560\" height=\"1709\" src=\"https:\/\/www.icare-electronics.com\/wp-content\/uploads\/2025\/12\/cepya-08-scaled.jpg\" alt=\"\" class=\"wp-image-72\" style=\"border-radius:0px;box-shadow:var(--wp--preset--shadow--natural)\" srcset=\"https:\/\/www.icare-electronics.com\/wp-content\/uploads\/2025\/12\/cepya-08-scaled.jpg 2560w, https:\/\/www.icare-electronics.com\/wp-content\/uploads\/2025\/12\/cepya-08-300x200.jpg 300w, https:\/\/www.icare-electronics.com\/wp-content\/uploads\/2025\/12\/cepya-08-1024x684.jpg 1024w, https:\/\/www.icare-electronics.com\/wp-content\/uploads\/2025\/12\/cepya-08-768x513.jpg 768w, https:\/\/www.icare-electronics.com\/wp-content\/uploads\/2025\/12\/cepya-08-1536x1025.jpg 1536w, https:\/\/www.icare-electronics.com\/wp-content\/uploads\/2025\/12\/cepya-08-2048x1367.jpg 2048w, https:\/\/www.icare-electronics.com\/wp-content\/uploads\/2025\/12\/cepya-08-600x401.jpg 600w, https:\/\/www.icare-electronics.com\/wp-content\/uploads\/2025\/12\/cepya-08-1200x801.jpg 1200w, https:\/\/www.icare-electronics.com\/wp-content\/uploads\/2025\/12\/cepya-08-1618x1080.jpg 1618w\" sizes=\"auto, (max-width: 2560px) 100vw, 2560px\" \/><\/figure>\n<\/div>\n<\/div>\n<\/div>\n\n\n\n<div class=\"wp-block-group alignfull is-style-default has-base-background-color has-background has-global-padding is-layout-constrained wp-container-core-group-is-layout-874851ae wp-block-group-is-layout-constrained\" style=\"margin-top:0;margin-bottom:0;padding-top:var(--wp--preset--spacing--large);padding-right:0;padding-bottom:var(--wp--preset--spacing--medium);padding-left:0\">\n<div class=\"wp-block-getwid-anchor\" id=\"en-savoir-plus\"><\/div>\n\n\n\n<div class=\"wp-block-columns are-vertically-aligned-center is-layout-flex wp-container-core-columns-is-layout-f72bd040 wp-block-columns-is-layout-flex\" style=\"padding-top:var(--wp--preset--spacing--medium);padding-right:0;padding-bottom:var(--wp--preset--spacing--medium);padding-left:0\">\n<div class=\"wp-block-column is-vertically-aligned-center is-layout-flow wp-block-column-is-layout-flow\">\n<figure class=\"wp-block-image size-full has-custom-border\"><img alt=\"\" loading=\"lazy\" decoding=\"async\" width=\"2560\" height=\"1707\" src=\"https:\/\/www.icare-electronics.com\/wp-content\/uploads\/2025\/12\/cepya-15-scaled.jpg\" alt=\"\" class=\"wp-image-79\" style=\"border-radius:0px;box-shadow:var(--wp--preset--shadow--natural);object-fit:cover\" srcset=\"https:\/\/www.icare-electronics.com\/wp-content\/uploads\/2025\/12\/cepya-15-scaled.jpg 2560w, https:\/\/www.icare-electronics.com\/wp-content\/uploads\/2025\/12\/cepya-15-300x200.jpg 300w, https:\/\/www.icare-electronics.com\/wp-content\/uploads\/2025\/12\/cepya-15-1024x683.jpg 1024w, https:\/\/www.icare-electronics.com\/wp-content\/uploads\/2025\/12\/cepya-15-768x512.jpg 768w, https:\/\/www.icare-electronics.com\/wp-content\/uploads\/2025\/12\/cepya-15-1536x1024.jpg 1536w, https:\/\/www.icare-electronics.com\/wp-content\/uploads\/2025\/12\/cepya-15-2048x1365.jpg 2048w, https:\/\/www.icare-electronics.com\/wp-content\/uploads\/2025\/12\/cepya-15-600x400.jpg 600w, https:\/\/www.icare-electronics.com\/wp-content\/uploads\/2025\/12\/cepya-15-1200x800.jpg 1200w, https:\/\/www.icare-electronics.com\/wp-content\/uploads\/2025\/12\/cepya-15-1620x1080.jpg 1620w\" sizes=\"auto, (max-width: 2560px) 100vw, 2560px\" \/><\/figure>\n<\/div>\n\n\n\n<div class=\"wp-block-column is-vertically-aligned-center is-layout-flow wp-container-core-column-is-layout-c7b3064f wp-block-column-is-layout-flow\">\n<div class=\"wp-block-group is-vertical is-layout-flex wp-container-core-group-is-layout-e9e558ad wp-block-group-is-layout-flex\">\n<h2 class=\"wp-block-heading\"><mark style=\"background-color:rgba(0, 0, 0, 0)\" class=\"has-inline-color has-secondary-color\">Ce que nous faisons<\/mark><\/h2>\n<\/div>\n\n\n\n<div class=\"wp-block-group is-vertical is-layout-flex wp-container-core-group-is-layout-e9e558ad wp-block-group-is-layout-flex\">\n<p>I-care Electronics propose des services de d\u00e9veloppement \u00e9lectronique de bout en bout \u00e0 chaque \u00e9tape de votre projet. \u00c0 partir de sp\u00e9cifications d\u00e9finies, nos ing\u00e9nieurs con\u00e7oivent des architectures et des solutions \u00e9lectroniques r\u00e9pondant aux exigences techniques, fonctionnelles et industrielles.<\/p>\n\n\n\n<p>De la conception des sch\u00e9mas au routage des PCB, en passant par le prototypage, les essais et la documentation, le d\u00e9veloppement des projets \u00e9lectroniques est r\u00e9alis\u00e9 afin de garantir des conceptions robustes, industrialisables et pr\u00eates pour la production.<\/p>\n\n\n\n<ul class=\"wp-block-list\">\n<li>D\u00e9finir des architectures \u00e9lectroniques robustes et pr\u00eates pour la production<\/li>\n\n\n\n<li>S\u00e9curiser des conceptions industrialisables gr\u00e2ce \u00e0 un d\u00e9veloppement ma\u00eetris\u00e9<\/li>\n<\/ul>\n<\/div>\n\n\n\n<div class=\"wp-block-buttons is-content-justification-left is-layout-flex wp-container-core-buttons-is-layout-fc4fd283 wp-block-buttons-is-layout-flex\">\n<div class=\"wp-block-button\"><a class=\"wp-block-button__link has-secondary-background-color has-background wp-element-button\" href=\"https:\/\/www.icare-electronics.com\/fr\/contact\/\">Contactez-nous<\/a><\/div>\n<\/div>\n<\/div>\n<\/div>\n<\/div>\n\n\n\n<div class=\"wp-block-group alignfull is-style-default has-background has-global-padding is-layout-constrained wp-container-core-group-is-layout-874851ae wp-block-group-is-layout-constrained\" style=\"background:linear-gradient(180deg,rgb(255,255,255) 0%,rgb(247,248,253) 100%);margin-top:0;margin-bottom:0;padding-top:var(--wp--preset--spacing--large);padding-right:0;padding-bottom:var(--wp--preset--spacing--medium);padding-left:0\">\n<div class=\"wp-block-columns are-vertically-aligned-center is-style-columns-reverse is-layout-flex wp-container-core-columns-is-layout-f72bd040 wp-block-columns-is-layout-flex\" style=\"padding-top:var(--wp--preset--spacing--medium);padding-right:0;padding-bottom:var(--wp--preset--spacing--medium);padding-left:0\">\n<div class=\"wp-block-column is-vertically-aligned-center is-layout-flow wp-container-core-column-is-layout-c7b3064f wp-block-column-is-layout-flow\">\n<div class=\"wp-block-group is-vertical is-layout-flex wp-container-core-group-is-layout-e9e558ad wp-block-group-is-layout-flex\">\n<h2 class=\"wp-block-heading\"><mark style=\"background-color:rgba(0, 0, 0, 0)\" class=\"has-inline-color has-secondary-color\"><mark style=\"background-color:rgba(0, 0, 0, 0)\" class=\"has-inline-color has-secondary-color\">Comment nous proc\u00e9dons<\/mark><\/mark><\/h2>\n<\/div>\n\n\n\n<div class=\"wp-block-group is-vertical is-layout-flex wp-container-core-group-is-layout-e9e558ad wp-block-group-is-layout-flex\">\n<p>Le d\u00e9veloppement \u00e9lectronique d\u00e9bute par une compr\u00e9hension claire des objectifs et des contraintes. Nos ing\u00e9nieurs analysent les sp\u00e9cifications, valident les choix techniques et maintiennent un alignement \u00e9troit tout au long du d\u00e9veloppement du projet \u00e9lectronique.<\/p>\n\n\n\n<p>Des phases structur\u00e9es, une conception it\u00e9rative et des tests pr\u00e9coces permettent de r\u00e9duire les risques et de s\u00e9curiser des conceptions \u00e9lectroniques de haute qualit\u00e9, livr\u00e9es dans des d\u00e9lais ma\u00eetris\u00e9s.<\/p>\n\n\n\n<ul class=\"wp-block-list\">\n<li>Valider les choix techniques d\u00e8s les premi\u00e8res phases du cycle de d\u00e9veloppement<\/li>\n\n\n\n<li>R\u00e9duire les risques gr\u00e2ce \u00e0 une conception structur\u00e9e et it\u00e9rative<\/li>\n<\/ul>\n<\/div>\n\n\n\n<div class=\"wp-block-buttons is-content-justification-left is-layout-flex wp-container-core-buttons-is-layout-fc4fd283 wp-block-buttons-is-layout-flex\">\n<div class=\"wp-block-button\"><a class=\"wp-block-button__link has-secondary-background-color has-background wp-element-button\" href=\"https:\/\/www.icare-electronics.com\/fr\/contact\/\">\u00c9changer avec nos \u00e9quipes<\/a><\/div>\n<\/div>\n<\/div>\n\n\n\n<div class=\"wp-block-column is-vertically-aligned-center is-layout-flow wp-block-column-is-layout-flow\">\n<figure class=\"wp-block-image size-full has-custom-border\"><img alt=\"\" loading=\"lazy\" decoding=\"async\" width=\"2560\" height=\"1709\" src=\"https:\/\/www.icare-electronics.com\/wp-content\/uploads\/2025\/12\/cepya-11-scaled.jpg\" alt=\"\" class=\"wp-image-75\" style=\"border-radius:0px;box-shadow:var(--wp--preset--shadow--natural)\" srcset=\"https:\/\/www.icare-electronics.com\/wp-content\/uploads\/2025\/12\/cepya-11-scaled.jpg 2560w, https:\/\/www.icare-electronics.com\/wp-content\/uploads\/2025\/12\/cepya-11-300x200.jpg 300w, https:\/\/www.icare-electronics.com\/wp-content\/uploads\/2025\/12\/cepya-11-1024x684.jpg 1024w, https:\/\/www.icare-electronics.com\/wp-content\/uploads\/2025\/12\/cepya-11-768x513.jpg 768w, https:\/\/www.icare-electronics.com\/wp-content\/uploads\/2025\/12\/cepya-11-1536x1025.jpg 1536w, https:\/\/www.icare-electronics.com\/wp-content\/uploads\/2025\/12\/cepya-11-2048x1367.jpg 2048w, https:\/\/www.icare-electronics.com\/wp-content\/uploads\/2025\/12\/cepya-11-600x401.jpg 600w, https:\/\/www.icare-electronics.com\/wp-content\/uploads\/2025\/12\/cepya-11-1200x801.jpg 1200w, https:\/\/www.icare-electronics.com\/wp-content\/uploads\/2025\/12\/cepya-11-1618x1080.jpg 1618w\" sizes=\"auto, (max-width: 2560px) 100vw, 2560px\" \/><\/figure>\n<\/div>\n<\/div>\n<\/div>\n\n\n\n<div class=\"wp-block-group alignfull is-style-default has-background has-global-padding is-layout-constrained wp-container-core-group-is-layout-a627c081 wp-block-group-is-layout-constrained\" style=\"background:linear-gradient(0deg,rgb(255,255,255) 0%,rgb(247,248,253) 100%);margin-top:0;margin-bottom:0;padding-top:var(--wp--preset--spacing--large);padding-right:0;padding-bottom:var(--wp--preset--spacing--medium);padding-left:0;--octopods-group-z-index:\">\n<div class=\"wp-block-group has-background has-global-padding is-layout-constrained wp-container-core-group-is-layout-0aea75bd wp-block-group-is-layout-constrained\" style=\"background:linear-gradient(0deg,rgb(255,255,255) 0%,rgb(247,248,253) 100%);padding-top:var(--wp--preset--spacing--medium);padding-right:0;padding-bottom:var(--wp--preset--spacing--medium);padding-left:0\">\n<div class=\"wp-block-columns are-vertically-aligned-center is-style-columns-reverse has-background is-layout-flex wp-container-core-columns-is-layout-540af771 wp-block-columns-is-layout-flex\" style=\"border-radius:0px;background:linear-gradient(226deg,rgb(0,102,184) 26%,rgb(28,45,56) 70%);margin-top:0;margin-bottom:0;padding-top:var(--wp--preset--spacing--medium);padding-right:var(--wp--preset--spacing--medium);padding-bottom:var(--wp--preset--spacing--medium);padding-left:var(--wp--preset--spacing--medium);box-shadow:var(--wp--preset--shadow--natural)\">\n<div class=\"wp-block-column is-vertically-aligned-center is-layout-flow wp-container-core-column-is-layout-c7b3064f wp-block-column-is-layout-flow\" style=\"flex-basis:60%\">\n<div class=\"wp-block-group is-vertical is-layout-flex wp-container-core-group-is-layout-fe9cc265 wp-block-group-is-layout-flex\">\n<h2 class=\"wp-block-heading has-base-color has-text-color has-link-color wp-elements-d619886fab118ef474d43d30917a1277\"><mark style=\"background-color:rgba(0, 0, 0, 0)\" class=\"has-inline-color has-secondary-color\"><mark style=\"background-color:rgba(0, 0, 0, 0)\" class=\"has-inline-color has-secondary-color\">R\u00e9sultats que nous d\u00e9livrons<\/mark><\/mark><\/h2>\n<\/div>\n\n\n\n<div class=\"wp-block-group is-vertical is-layout-flex wp-container-core-group-is-layout-e9e558ad wp-block-group-is-layout-flex\">\n<p class=\"has-base-color has-text-color has-link-color wp-elements-d3d033db484ac5191c0948bbe17568c1\">Une conception \u00e9lectronique robuste, enti\u00e8rement valid\u00e9e et pr\u00eate pour la production, permettant de faire avancer les projets en toute confiance. Chaque solution issue du d\u00e9veloppement \u00e9lectronique est test\u00e9e, optimis\u00e9e et align\u00e9e sur les standards industriels.<\/p>\n\n\n\n<p class=\"has-base-color has-text-color has-link-color wp-elements-05d57be59c8cc0828ba459036c2d25a5\">De la validation technique \u00e0 la pr\u00e9paration \u00e0 la fabrication, le d\u00e9veloppement des produits \u00e9lectroniques est ma\u00eetris\u00e9 \u00e0 chaque \u00e9tape afin de garantir des performances constantes, une fiabilit\u00e9 \u00e0 long terme et une transition fluide vers la production \u00e0 grande \u00e9chelle.<\/p>\n<\/div>\n\n\n\n<div class=\"wp-block-buttons is-layout-flex wp-block-buttons-is-layout-flex\">\n<div class=\"wp-block-button\"><a class=\"wp-block-button__link wp-element-button\" href=\"https:\/\/www.icare-electronics.com\/fr\/contact\/\">Demander un devis<\/a><\/div>\n<\/div>\n<\/div>\n\n\n\n<div class=\"wp-block-column is-vertically-aligned-center is-layout-flow wp-block-column-is-layout-flow\" style=\"flex-basis:40%\">\n<div class=\"wp-block-getwid-images-stack is-layout-zeta\"><div class=\"wp-block-getwid-images-stack__wrapper\"><div class=\"wp-block-getwid-images-stack__chunk\"><div class=\"wp-block-getwid-images-stack__media-wrapper\"><div class=\"wp-block-getwid-images-stack__media-inner-wrapper\"><img alt=\"\" loading=\"lazy\" decoding=\"async\" width=\"684\" height=\"1024\" class=\"wp-block-getwid-images-stack__media wp-image-68\" src=\"https:\/\/www.icare-electronics.com\/wp-content\/uploads\/2025\/12\/cepya-04-684x1024.jpg\" data-id=\"68\" data-link=\"https:\/\/www.icare-electronics.com\/cepya-04\/\" srcset=\"https:\/\/www.icare-electronics.com\/wp-content\/uploads\/2025\/12\/cepya-04-684x1024.jpg 684w, https:\/\/www.icare-electronics.com\/wp-content\/uploads\/2025\/12\/cepya-04-200x300.jpg 200w, https:\/\/www.icare-electronics.com\/wp-content\/uploads\/2025\/12\/cepya-04-768x1150.jpg 768w, https:\/\/www.icare-electronics.com\/wp-content\/uploads\/2025\/12\/cepya-04-1025x1536.jpg 1025w, https:\/\/www.icare-electronics.com\/wp-content\/uploads\/2025\/12\/cepya-04-1367x2048.jpg 1367w, https:\/\/www.icare-electronics.com\/wp-content\/uploads\/2025\/12\/cepya-04-300x450.jpg 300w, https:\/\/www.icare-electronics.com\/wp-content\/uploads\/2025\/12\/cepya-04-601x900.jpg 601w, https:\/\/www.icare-electronics.com\/wp-content\/uploads\/2025\/12\/cepya-04-721x1080.jpg 721w, https:\/\/www.icare-electronics.com\/wp-content\/uploads\/2025\/12\/cepya-04-scaled.jpg 1709w\" sizes=\"auto, (max-width: 684px) 100vw, 684px\" \/><\/div><\/div><div class=\"wp-block-getwid-images-stack__media-wrapper\"><div class=\"wp-block-getwid-images-stack__media-inner-wrapper\"><img alt=\"\" loading=\"lazy\" decoding=\"async\" width=\"1024\" height=\"683\" class=\"wp-block-getwid-images-stack__media wp-image-81\" src=\"https:\/\/www.icare-electronics.com\/wp-content\/uploads\/2025\/12\/cepya-17-1024x683.jpg\" data-id=\"81\" data-link=\"https:\/\/www.icare-electronics.com\/cepya-17\/\" srcset=\"https:\/\/www.icare-electronics.com\/wp-content\/uploads\/2025\/12\/cepya-17-1024x683.jpg 1024w, https:\/\/www.icare-electronics.com\/wp-content\/uploads\/2025\/12\/cepya-17-300x200.jpg 300w, https:\/\/www.icare-electronics.com\/wp-content\/uploads\/2025\/12\/cepya-17-768x512.jpg 768w, https:\/\/www.icare-electronics.com\/wp-content\/uploads\/2025\/12\/cepya-17-1536x1024.jpg 1536w, https:\/\/www.icare-electronics.com\/wp-content\/uploads\/2025\/12\/cepya-17-2048x1365.jpg 2048w, https:\/\/www.icare-electronics.com\/wp-content\/uploads\/2025\/12\/cepya-17-600x400.jpg 600w, https:\/\/www.icare-electronics.com\/wp-content\/uploads\/2025\/12\/cepya-17-1200x800.jpg 1200w, https:\/\/www.icare-electronics.com\/wp-content\/uploads\/2025\/12\/cepya-17-1620x1080.jpg 1620w\" sizes=\"auto, (max-width: 1024px) 100vw, 1024px\" \/><\/div><\/div><div class=\"wp-block-getwid-images-stack__media-wrapper\"><div class=\"wp-block-getwid-images-stack__media-inner-wrapper\"><img alt=\"\" loading=\"lazy\" decoding=\"async\" width=\"1024\" height=\"684\" class=\"wp-block-getwid-images-stack__media wp-image-65\" src=\"https:\/\/www.icare-electronics.com\/wp-content\/uploads\/2025\/12\/cepya-01-1024x684.jpg\" data-id=\"65\" data-link=\"https:\/\/www.icare-electronics.com\/cepya-01\/\" srcset=\"https:\/\/www.icare-electronics.com\/wp-content\/uploads\/2025\/12\/cepya-01-1024x684.jpg 1024w, https:\/\/www.icare-electronics.com\/wp-content\/uploads\/2025\/12\/cepya-01-300x200.jpg 300w, https:\/\/www.icare-electronics.com\/wp-content\/uploads\/2025\/12\/cepya-01-768x513.jpg 768w, https:\/\/www.icare-electronics.com\/wp-content\/uploads\/2025\/12\/cepya-01-1536x1025.jpg 1536w, https:\/\/www.icare-electronics.com\/wp-content\/uploads\/2025\/12\/cepya-01-2048x1367.jpg 2048w, https:\/\/www.icare-electronics.com\/wp-content\/uploads\/2025\/12\/cepya-01-600x401.jpg 600w, https:\/\/www.icare-electronics.com\/wp-content\/uploads\/2025\/12\/cepya-01-1200x801.jpg 1200w, https:\/\/www.icare-electronics.com\/wp-content\/uploads\/2025\/12\/cepya-01-1618x1080.jpg 1618w\" sizes=\"auto, (max-width: 1024px) 100vw, 1024px\" \/><\/div><\/div><\/div><\/div><\/div>\n<\/div>\n<\/div>\n<\/div>\n<\/div>\n","protected":false},"excerpt":{"rendered":"<p>Expertise avanc\u00e9e en d\u00e9veloppement \u00e9lectronique Chez I-care Electronics, le d\u00e9veloppement \u00e9lectronique est men\u00e9 avec m\u00e9thode, clart\u00e9 et rigueur d\u2019ex\u00e9cution. De la d\u00e9finition initiale des sp\u00e9cifications \u00e0 la conception valid\u00e9e, nos ing\u00e9nieurs fournissent des solutions \u00e9lectroniques fiables, align\u00e9es sur les objectifs de production, en conciliant performance, fiabilit\u00e9 et d\u00e9lais de mise sur le march\u00e9. Ce que [&hellip;]<\/p>\n","protected":false},"author":3,"featured_media":0,"parent":667,"menu_order":0,"comment_status":"closed","ping_status":"closed","template":"","meta":{"_seopress_robots_primary_cat":"","_seopress_titles_title":"","_seopress_titles_desc":"Services de d\u00e9veloppement \u00e9lectronique, des sp\u00e9cifications \u00e0 la conception valid\u00e9e. Des solutions fiables et \u00e9volutives, pr\u00eates pour la production industrielle.","_seopress_robots_index":"","footnotes":""},"class_list":["post-693","page","type-page","status-publish"],"_links":{"self":[{"href":"https:\/\/www.icare-electronics.com\/fr\/wp-json\/wp\/v2\/pages\/693","targetHints":{"allow":["GET"]}}],"collection":[{"href":"https:\/\/www.icare-electronics.com\/fr\/wp-json\/wp\/v2\/pages"}],"about":[{"href":"https:\/\/www.icare-electronics.com\/fr\/wp-json\/wp\/v2\/types\/page"}],"author":[{"embeddable":true,"href":"https:\/\/www.icare-electronics.com\/fr\/wp-json\/wp\/v2\/users\/3"}],"replies":[{"embeddable":true,"href":"https:\/\/www.icare-electronics.com\/fr\/wp-json\/wp\/v2\/comments?post=693"}],"version-history":[{"count":0,"href":"https:\/\/www.icare-electronics.com\/fr\/wp-json\/wp\/v2\/pages\/693\/revisions"}],"up":[{"embeddable":true,"href":"https:\/\/www.icare-electronics.com\/fr\/wp-json\/wp\/v2\/pages\/667"}],"wp:attachment":[{"href":"https:\/\/www.icare-electronics.com\/fr\/wp-json\/wp\/v2\/media?parent=693"}],"curies":[{"name":"wp","href":"https:\/\/api.w.org\/{rel}","templated":true}]}}