{"id":697,"date":"2025-12-12T07:51:50","date_gmt":"2025-12-12T06:51:50","guid":{"rendered":"https:\/\/www.icare-electronics.com\/services\/prototyping\/"},"modified":"2026-04-07T13:32:46","modified_gmt":"2026-04-07T11:32:46","slug":"prototyping","status":"publish","type":"page","link":"https:\/\/www.icare-electronics.com\/fr\/services\/prototyping\/","title":{"rendered":"Prototypage"},"content":{"rendered":"\n<div class=\"wp-block-group alignfull icare-hero is-style-default has-background has-global-padding is-layout-constrained wp-block-group-is-layout-constrained\" style=\"background:linear-gradient(180deg,rgb(255,255,255) 0%,rgb(247,248,253) 100%);margin-top:0;margin-bottom:0;padding-top:var(--wp--preset--spacing--medium);padding-bottom:var(--wp--preset--spacing--x-large);--octopods-group-overflow:hidden;--octopods-group-position:relative\">\n<div class=\"wp-block-columns are-vertically-aligned-center is-layout-flex wp-container-core-columns-is-layout-28f84493 wp-block-columns-is-layout-flex\">\n<div class=\"wp-block-column is-vertically-aligned-center is-layout-flow wp-container-core-column-is-layout-c7b3064f wp-block-column-is-layout-flow\">\n<div class=\"wp-block-group is-vertical is-layout-flex wp-container-core-group-is-layout-e9e558ad wp-block-group-is-layout-flex\"><nav  aria-label=\"Fil d&#039;Ariane\"><ol class=\"breadcrumb\" itemscope itemtype=\"https:\/\/schema.org\/BreadcrumbList\"><li class=\"breadcrumb-item active\" aria-current=\"page\" itemprop=\"itemListElement\" itemscope itemtype=\"https:\/\/schema.org\/ListItem\"><span itemprop=\"name\">Accueil<\/span><meta itemprop=\"position\" content=\"1\"><\/li><\/ol><\/nav>\n\n\n\n<h2 class=\"wp-block-heading\"><mark style=\"background-color:rgba(0, 0, 0, 0)\" class=\"has-inline-color has-secondary-color\"><mark style=\"background-color:rgba(0, 0, 0, 0)\" class=\"has-inline-color has-secondary-color\"><mark style=\"background-color:rgba(0, 0, 0, 0)\" class=\"has-inline-color has-secondary-color\">Expertise avanc\u00e9e en prototypage \u00e9lectronique<\/mark><\/mark><\/mark><\/h2>\n<\/div>\n\n\n\n<div class=\"wp-block-group is-vertical is-layout-flex wp-container-core-group-is-layout-e9e558ad wp-block-group-is-layout-flex\">\n<p>Chez I-care Electronics, le prototypage transforme les concepts en prototypes \u00e9lectroniques fonctionnels qui valident les choix de conception et les exigences produit.<\/p>\n\n\n\n<p>Gr\u00e2ce au prototypage de cartes \u00e9lectroniques et \u00e0 des cycles d\u2019it\u00e9ration rapides, nos ing\u00e9nieurs r\u00e9duisent les risques, valident les performances et maintiennent une trajectoire claire vers l\u2019industrialisation.<\/p>\n<\/div>\n\n\n\n<div class=\"wp-block-buttons is-content-justification-left is-layout-flex wp-container-core-buttons-is-layout-fc4fd283 wp-block-buttons-is-layout-flex\">\n<div class=\"wp-block-button\"><a class=\"wp-block-button__link has-secondary-background-color has-background wp-element-button\" href=\"#en-savoir-plus\" style=\"border-radius:10px\">En savoir plus<\/a><\/div>\n<\/div>\n<\/div>\n\n\n\n<div class=\"wp-block-column is-vertically-aligned-center is-layout-flow wp-block-column-is-layout-flow\">\n<figure class=\"wp-block-image size-full has-custom-border\"><img alt=\"\" loading=\"lazy\" decoding=\"async\" width=\"2560\" height=\"1707\" src=\"https:\/\/www.icare-electronics.com\/wp-content\/uploads\/2025\/12\/cepya-16-scaled.jpg\" alt=\"\" class=\"wp-image-80\" style=\"border-radius:0px;box-shadow:var(--wp--preset--shadow--natural)\" srcset=\"https:\/\/www.icare-electronics.com\/wp-content\/uploads\/2025\/12\/cepya-16-scaled.jpg 2560w, https:\/\/www.icare-electronics.com\/wp-content\/uploads\/2025\/12\/cepya-16-300x200.jpg 300w, https:\/\/www.icare-electronics.com\/wp-content\/uploads\/2025\/12\/cepya-16-1024x683.jpg 1024w, https:\/\/www.icare-electronics.com\/wp-content\/uploads\/2025\/12\/cepya-16-768x512.jpg 768w, https:\/\/www.icare-electronics.com\/wp-content\/uploads\/2025\/12\/cepya-16-1536x1024.jpg 1536w, https:\/\/www.icare-electronics.com\/wp-content\/uploads\/2025\/12\/cepya-16-2048x1365.jpg 2048w, https:\/\/www.icare-electronics.com\/wp-content\/uploads\/2025\/12\/cepya-16-600x400.jpg 600w, https:\/\/www.icare-electronics.com\/wp-content\/uploads\/2025\/12\/cepya-16-1200x800.jpg 1200w, https:\/\/www.icare-electronics.com\/wp-content\/uploads\/2025\/12\/cepya-16-1620x1080.jpg 1620w\" sizes=\"auto, (max-width: 2560px) 100vw, 2560px\" \/><\/figure>\n<\/div>\n<\/div>\n<\/div>\n\n\n\n<div class=\"wp-block-group alignfull is-style-default has-global-padding is-layout-constrained wp-container-core-group-is-layout-874851ae wp-block-group-is-layout-constrained\" style=\"margin-top:0;margin-bottom:0;padding-top:var(--wp--preset--spacing--large);padding-right:0;padding-bottom:var(--wp--preset--spacing--medium);padding-left:0\">\n<div class=\"wp-block-getwid-anchor\" id=\"en-savoir-plus\"><\/div>\n\n\n\n<div class=\"wp-block-columns are-vertically-aligned-center is-layout-flex wp-container-core-columns-is-layout-f72bd040 wp-block-columns-is-layout-flex\" style=\"padding-top:var(--wp--preset--spacing--medium);padding-right:0;padding-bottom:var(--wp--preset--spacing--medium);padding-left:0\">\n<div class=\"wp-block-column is-vertically-aligned-center is-layout-flow wp-block-column-is-layout-flow\">\n<figure class=\"wp-block-image size-full has-custom-border\"><img alt=\"\" loading=\"lazy\" decoding=\"async\" width=\"2560\" height=\"1709\" src=\"https:\/\/www.icare-electronics.com\/wp-content\/uploads\/2025\/12\/cepya-10-scaled.jpg\" alt=\"\" class=\"wp-image-74\" style=\"border-radius:0px;box-shadow:var(--wp--preset--shadow--natural)\" srcset=\"https:\/\/www.icare-electronics.com\/wp-content\/uploads\/2025\/12\/cepya-10-scaled.jpg 2560w, https:\/\/www.icare-electronics.com\/wp-content\/uploads\/2025\/12\/cepya-10-300x200.jpg 300w, https:\/\/www.icare-electronics.com\/wp-content\/uploads\/2025\/12\/cepya-10-1024x684.jpg 1024w, https:\/\/www.icare-electronics.com\/wp-content\/uploads\/2025\/12\/cepya-10-768x513.jpg 768w, https:\/\/www.icare-electronics.com\/wp-content\/uploads\/2025\/12\/cepya-10-1536x1025.jpg 1536w, https:\/\/www.icare-electronics.com\/wp-content\/uploads\/2025\/12\/cepya-10-2048x1367.jpg 2048w, https:\/\/www.icare-electronics.com\/wp-content\/uploads\/2025\/12\/cepya-10-600x401.jpg 600w, https:\/\/www.icare-electronics.com\/wp-content\/uploads\/2025\/12\/cepya-10-1200x801.jpg 1200w, https:\/\/www.icare-electronics.com\/wp-content\/uploads\/2025\/12\/cepya-10-1618x1080.jpg 1618w\" sizes=\"auto, (max-width: 2560px) 100vw, 2560px\" \/><\/figure>\n<\/div>\n\n\n\n<div class=\"wp-block-column is-vertically-aligned-center is-layout-flow wp-container-core-column-is-layout-c7b3064f wp-block-column-is-layout-flow\">\n<div class=\"wp-block-group is-vertical is-layout-flex wp-container-core-group-is-layout-e9e558ad wp-block-group-is-layout-flex\">\n<h2 class=\"wp-block-heading\"><mark style=\"background-color:rgba(0, 0, 0, 0)\" class=\"has-inline-color has-secondary-color\"><mark style=\"background-color:rgba(0, 0, 0, 0)\" class=\"has-inline-color has-secondary-color\"><mark style=\"background-color:rgba(0, 0, 0, 0)\" class=\"has-inline-color has-secondary-color\">Ce que nous faisons<\/mark><\/mark><\/mark><\/h2>\n<\/div>\n\n\n\n<div class=\"wp-block-group is-vertical is-layout-flex wp-container-core-group-is-layout-e9e558ad wp-block-group-is-layout-flex\">\n<p>I-care Electronics con\u00e7oit et valide des prototypes \u00e9lectroniques qui soutiennent \u00e0 la fois la v\u00e9rification technique et la pr\u00e9paration \u00e0 la production.<\/p>\n\n\n\n<p>Des cartes de preuve de concept aux r\u00e9alisations fonctionnelles avanc\u00e9es, le prototypage de cartes \u00e9lectroniques est adapt\u00e9 au niveau de maturit\u00e9 du projet, en int\u00e9grant d\u00e8s le d\u00e9part la scalabilit\u00e9 et l\u2019industrialisation.<\/p>\n\n\n\n<ul class=\"wp-block-list\">\n<li>R\u00e9aliser des prototypes fonctionnels align\u00e9s sur les exigences produit<\/li>\n\n\n\n<li>Pr\u00e9parer les conceptions pour une transition fluide vers la production en pr\u00e9s\u00e9rie<\/li>\n<\/ul>\n<\/div>\n\n\n\n<div class=\"wp-block-buttons is-content-justification-left is-layout-flex wp-container-core-buttons-is-layout-fc4fd283 wp-block-buttons-is-layout-flex\">\n<div class=\"wp-block-button\"><a class=\"wp-block-button__link has-secondary-background-color has-background wp-element-button\" href=\"https:\/\/www.icare-electronics.com\/fr\/contact\/\" style=\"border-radius:10px\">Contactez-nous<\/a><\/div>\n<\/div>\n<\/div>\n<\/div>\n<\/div>\n\n\n\n<div class=\"wp-block-group alignfull is-style-default has-background has-global-padding is-layout-constrained wp-container-core-group-is-layout-874851ae wp-block-group-is-layout-constrained\" style=\"background:linear-gradient(180deg,rgb(255,255,255) 0%,rgb(247,248,253) 100%);margin-top:0;margin-bottom:0;padding-top:var(--wp--preset--spacing--large);padding-right:0;padding-bottom:var(--wp--preset--spacing--medium);padding-left:0\">\n<div class=\"wp-block-columns are-vertically-aligned-center is-style-columns-reverse is-layout-flex wp-container-core-columns-is-layout-f72bd040 wp-block-columns-is-layout-flex\" style=\"padding-top:var(--wp--preset--spacing--medium);padding-right:0;padding-bottom:var(--wp--preset--spacing--medium);padding-left:0\">\n<div class=\"wp-block-column is-vertically-aligned-center is-layout-flow wp-container-core-column-is-layout-c7b3064f wp-block-column-is-layout-flow\">\n<div class=\"wp-block-group is-vertical is-layout-flex wp-container-core-group-is-layout-e9e558ad wp-block-group-is-layout-flex\">\n<h2 class=\"wp-block-heading\"><mark style=\"background-color:rgba(0, 0, 0, 0)\" class=\"has-inline-color has-secondary-color\"><mark style=\"background-color:rgba(0, 0, 0, 0)\" class=\"has-inline-color has-secondary-color\"><mark style=\"background-color:rgba(0, 0, 0, 0)\" class=\"has-inline-color has-secondary-color\"><mark style=\"background-color:rgba(0, 0, 0, 0)\" class=\"has-inline-color has-secondary-color\"><mark style=\"background-color:rgba(0, 0, 0, 0)\" class=\"has-inline-color has-secondary-color\"><mark style=\"background-color:rgba(0, 0, 0, 0)\" class=\"has-inline-color has-secondary-color\">Comment nous proc\u00e9dons<\/mark><\/mark><\/mark><\/mark><\/mark><\/mark><\/h2>\n<\/div>\n\n\n\n<div class=\"wp-block-group is-vertical is-layout-flex wp-container-core-group-is-layout-e9e558ad wp-block-group-is-layout-flex\">\n<p>Le d\u00e9veloppement des prototypes commence par des objectifs de validation clairement d\u00e9finis couvrant la fonctionnalit\u00e9, la performance, les interfaces et les contraintes. Chaque r\u00e9alisation r\u00e9pond \u00e0 un objectif pr\u00e9cis au sein du cycle de d\u00e9veloppement du produit \u00e9lectronique.<\/p>\n\n\n\n<p>Des m\u00e9thodes structur\u00e9es et des it\u00e9rations rapides permettent de maintenir une rigueur technique \u00e9lev\u00e9e, chaque prototype \u00e9tant document\u00e9 et analys\u00e9 afin d\u2019optimiser les choix de conception et de r\u00e9duire les risques avant la production en pr\u00e9s\u00e9rie.<\/p>\n\n\n\n<ul class=\"wp-block-list\">\n<li>D\u00e9finir des objectifs de validation clairs pour chaque prototype<\/li>\n\n\n\n<li>R\u00e9duire les risques gr\u00e2ce \u00e0 un prototypage it\u00e9ratif et document\u00e9<\/li>\n<\/ul>\n<\/div>\n\n\n\n<div class=\"wp-block-buttons is-content-justification-left is-layout-flex wp-container-core-buttons-is-layout-fc4fd283 wp-block-buttons-is-layout-flex\">\n<div class=\"wp-block-button\"><a class=\"wp-block-button__link has-secondary-background-color has-background wp-element-button\" href=\"https:\/\/www.icare-electronics.com\/fr\/contact\/\" style=\"border-radius:10px\">\u00c9changer avec nos \u00e9quipes<\/a><\/div>\n<\/div>\n<\/div>\n\n\n\n<div class=\"wp-block-column is-vertically-aligned-center is-layout-flow wp-block-column-is-layout-flow\">\n<figure class=\"wp-block-image size-full has-custom-border\"><img alt=\"\" loading=\"lazy\" decoding=\"async\" width=\"2560\" height=\"1709\" src=\"https:\/\/www.icare-electronics.com\/wp-content\/uploads\/2025\/12\/cepya-02-scaled.jpg\" alt=\"\" class=\"wp-image-66\" style=\"border-radius:0px;box-shadow:var(--wp--preset--shadow--natural)\" srcset=\"https:\/\/www.icare-electronics.com\/wp-content\/uploads\/2025\/12\/cepya-02-scaled.jpg 2560w, https:\/\/www.icare-electronics.com\/wp-content\/uploads\/2025\/12\/cepya-02-300x200.jpg 300w, https:\/\/www.icare-electronics.com\/wp-content\/uploads\/2025\/12\/cepya-02-1024x684.jpg 1024w, https:\/\/www.icare-electronics.com\/wp-content\/uploads\/2025\/12\/cepya-02-768x513.jpg 768w, https:\/\/www.icare-electronics.com\/wp-content\/uploads\/2025\/12\/cepya-02-1536x1025.jpg 1536w, https:\/\/www.icare-electronics.com\/wp-content\/uploads\/2025\/12\/cepya-02-2048x1367.jpg 2048w, https:\/\/www.icare-electronics.com\/wp-content\/uploads\/2025\/12\/cepya-02-600x401.jpg 600w, https:\/\/www.icare-electronics.com\/wp-content\/uploads\/2025\/12\/cepya-02-1200x801.jpg 1200w, https:\/\/www.icare-electronics.com\/wp-content\/uploads\/2025\/12\/cepya-02-1618x1080.jpg 1618w\" sizes=\"auto, (max-width: 2560px) 100vw, 2560px\" \/><\/figure>\n<\/div>\n<\/div>\n<\/div>\n\n\n\n<div class=\"wp-block-group alignfull is-style-default has-background has-global-padding is-layout-constrained wp-container-core-group-is-layout-a627c081 wp-block-group-is-layout-constrained\" style=\"background:linear-gradient(0deg,rgb(255,255,255) 0%,rgb(247,248,253) 100%);margin-top:0;margin-bottom:0;padding-top:var(--wp--preset--spacing--large);padding-right:0;padding-bottom:var(--wp--preset--spacing--medium);padding-left:0;--octopods-group-z-index:\">\n<div class=\"wp-block-group has-background has-global-padding is-layout-constrained wp-container-core-group-is-layout-0aea75bd wp-block-group-is-layout-constrained\" style=\"background:linear-gradient(0deg,rgb(255,255,255) 0%,rgb(247,248,253) 100%);padding-top:var(--wp--preset--spacing--medium);padding-right:0;padding-bottom:var(--wp--preset--spacing--medium);padding-left:0\">\n<div class=\"wp-block-columns are-vertically-aligned-center is-style-columns-reverse has-background is-layout-flex wp-container-core-columns-is-layout-540af771 wp-block-columns-is-layout-flex\" style=\"border-radius:0px;background:linear-gradient(226deg,rgb(0,102,184) 26%,rgb(28,45,56) 70%);margin-top:0;margin-bottom:0;padding-top:var(--wp--preset--spacing--medium);padding-right:var(--wp--preset--spacing--medium);padding-bottom:var(--wp--preset--spacing--medium);padding-left:var(--wp--preset--spacing--medium);box-shadow:var(--wp--preset--shadow--natural)\">\n<div class=\"wp-block-column is-vertically-aligned-center is-layout-flow wp-container-core-column-is-layout-c7b3064f wp-block-column-is-layout-flow\" style=\"flex-basis:60%\">\n<div class=\"wp-block-group is-vertical is-layout-flex wp-container-core-group-is-layout-fe9cc265 wp-block-group-is-layout-flex\">\n<h2 class=\"wp-block-heading has-base-color has-text-color has-link-color wp-elements-6216ed67b69bddc358b90fdfe3fa3bc6\"><mark style=\"background-color:rgba(0, 0, 0, 0)\" class=\"has-inline-color has-secondary-color\"><mark style=\"background-color:rgba(0, 0, 0, 0)\" class=\"has-inline-color has-secondary-color\"><mark style=\"background-color:rgba(0, 0, 0, 0)\" class=\"has-inline-color has-secondary-color\"><mark style=\"background-color:rgba(0, 0, 0, 0)\" class=\"has-inline-color has-secondary-color\">R\u00e9sultats que nous d\u00e9livrons<\/mark><\/mark><\/mark><\/mark><\/h2>\n<\/div>\n\n\n\n<div class=\"wp-block-group is-vertical is-layout-flex wp-container-core-group-is-layout-e9e558ad wp-block-group-is-layout-flex\">\n<p class=\"has-base-color has-text-color has-link-color wp-elements-4c5159de325b31ea9f11265e5b712fcc\">Un prototype \u00e9lectronique fonctionnel et fiable qui transforme les concepts en solutions concr\u00e8tes et testables. Chaque prototype est con\u00e7u, assembl\u00e9 et test\u00e9 afin de valider les fonctionnalit\u00e9s cl\u00e9s et les hypoth\u00e8ses de performance.<\/p>\n\n\n\n<p class=\"has-base-color has-text-color has-link-color wp-elements-3b69234a29c056a8bdc0977de19beacb\">Cette phase permet des it\u00e9rations rapides, une r\u00e9duction pr\u00e9coce des risques et des d\u00e9cisions de conception \u00e9clair\u00e9es, posant des bases solides pour le d\u00e9veloppement et l\u2019industrialisation future.<\/p>\n<\/div>\n\n\n\n<div class=\"wp-block-buttons is-layout-flex wp-block-buttons-is-layout-flex\">\n<div class=\"wp-block-button\"><a class=\"wp-block-button__link wp-element-button\" href=\"https:\/\/www.icare-electronics.com\/fr\/contact\/\" style=\"border-radius:10px\">Demander un devis<\/a><\/div>\n<\/div>\n<\/div>\n\n\n\n<div class=\"wp-block-column is-vertically-aligned-center is-layout-flow wp-block-column-is-layout-flow\" style=\"flex-basis:40%\">\n<div class=\"wp-block-getwid-images-stack is-layout-zeta\"><div class=\"wp-block-getwid-images-stack__wrapper\"><div class=\"wp-block-getwid-images-stack__chunk\"><div class=\"wp-block-getwid-images-stack__media-wrapper\"><div class=\"wp-block-getwid-images-stack__media-inner-wrapper\"><img alt=\"\" loading=\"lazy\" decoding=\"async\" width=\"684\" height=\"1024\" class=\"wp-block-getwid-images-stack__media wp-image-68\" src=\"https:\/\/www.icare-electronics.com\/wp-content\/uploads\/2025\/12\/cepya-04-684x1024.jpg\" data-id=\"68\" data-link=\"https:\/\/www.icare-electronics.com\/cepya-04\/\" srcset=\"https:\/\/www.icare-electronics.com\/wp-content\/uploads\/2025\/12\/cepya-04-684x1024.jpg 684w, https:\/\/www.icare-electronics.com\/wp-content\/uploads\/2025\/12\/cepya-04-200x300.jpg 200w, https:\/\/www.icare-electronics.com\/wp-content\/uploads\/2025\/12\/cepya-04-768x1150.jpg 768w, https:\/\/www.icare-electronics.com\/wp-content\/uploads\/2025\/12\/cepya-04-1025x1536.jpg 1025w, https:\/\/www.icare-electronics.com\/wp-content\/uploads\/2025\/12\/cepya-04-1367x2048.jpg 1367w, https:\/\/www.icare-electronics.com\/wp-content\/uploads\/2025\/12\/cepya-04-300x450.jpg 300w, https:\/\/www.icare-electronics.com\/wp-content\/uploads\/2025\/12\/cepya-04-601x900.jpg 601w, https:\/\/www.icare-electronics.com\/wp-content\/uploads\/2025\/12\/cepya-04-721x1080.jpg 721w, https:\/\/www.icare-electronics.com\/wp-content\/uploads\/2025\/12\/cepya-04-scaled.jpg 1709w\" sizes=\"auto, (max-width: 684px) 100vw, 684px\" \/><\/div><\/div><div class=\"wp-block-getwid-images-stack__media-wrapper\"><div class=\"wp-block-getwid-images-stack__media-inner-wrapper\"><img alt=\"\" loading=\"lazy\" decoding=\"async\" width=\"1024\" height=\"683\" class=\"wp-block-getwid-images-stack__media wp-image-81\" src=\"https:\/\/www.icare-electronics.com\/wp-content\/uploads\/2025\/12\/cepya-17-1024x683.jpg\" data-id=\"81\" data-link=\"https:\/\/www.icare-electronics.com\/cepya-17\/\" srcset=\"https:\/\/www.icare-electronics.com\/wp-content\/uploads\/2025\/12\/cepya-17-1024x683.jpg 1024w, https:\/\/www.icare-electronics.com\/wp-content\/uploads\/2025\/12\/cepya-17-300x200.jpg 300w, https:\/\/www.icare-electronics.com\/wp-content\/uploads\/2025\/12\/cepya-17-768x512.jpg 768w, https:\/\/www.icare-electronics.com\/wp-content\/uploads\/2025\/12\/cepya-17-1536x1024.jpg 1536w, https:\/\/www.icare-electronics.com\/wp-content\/uploads\/2025\/12\/cepya-17-2048x1365.jpg 2048w, https:\/\/www.icare-electronics.com\/wp-content\/uploads\/2025\/12\/cepya-17-600x400.jpg 600w, https:\/\/www.icare-electronics.com\/wp-content\/uploads\/2025\/12\/cepya-17-1200x800.jpg 1200w, https:\/\/www.icare-electronics.com\/wp-content\/uploads\/2025\/12\/cepya-17-1620x1080.jpg 1620w\" sizes=\"auto, (max-width: 1024px) 100vw, 1024px\" \/><\/div><\/div><div class=\"wp-block-getwid-images-stack__media-wrapper\"><div class=\"wp-block-getwid-images-stack__media-inner-wrapper\"><img alt=\"\" loading=\"lazy\" decoding=\"async\" width=\"1024\" height=\"684\" class=\"wp-block-getwid-images-stack__media wp-image-65\" src=\"https:\/\/www.icare-electronics.com\/wp-content\/uploads\/2025\/12\/cepya-01-1024x684.jpg\" data-id=\"65\" data-link=\"https:\/\/www.icare-electronics.com\/cepya-01\/\" srcset=\"https:\/\/www.icare-electronics.com\/wp-content\/uploads\/2025\/12\/cepya-01-1024x684.jpg 1024w, https:\/\/www.icare-electronics.com\/wp-content\/uploads\/2025\/12\/cepya-01-300x200.jpg 300w, https:\/\/www.icare-electronics.com\/wp-content\/uploads\/2025\/12\/cepya-01-768x513.jpg 768w, https:\/\/www.icare-electronics.com\/wp-content\/uploads\/2025\/12\/cepya-01-1536x1025.jpg 1536w, https:\/\/www.icare-electronics.com\/wp-content\/uploads\/2025\/12\/cepya-01-2048x1367.jpg 2048w, https:\/\/www.icare-electronics.com\/wp-content\/uploads\/2025\/12\/cepya-01-600x401.jpg 600w, https:\/\/www.icare-electronics.com\/wp-content\/uploads\/2025\/12\/cepya-01-1200x801.jpg 1200w, https:\/\/www.icare-electronics.com\/wp-content\/uploads\/2025\/12\/cepya-01-1618x1080.jpg 1618w\" sizes=\"auto, (max-width: 1024px) 100vw, 1024px\" \/><\/div><\/div><\/div><\/div><\/div>\n<\/div>\n<\/div>\n<\/div>\n<\/div>\n","protected":false},"excerpt":{"rendered":"<p>Expertise avanc\u00e9e en prototypage \u00e9lectronique Chez I-care Electronics, le prototypage transforme les concepts en prototypes \u00e9lectroniques fonctionnels qui valident les choix de conception et les exigences produit. Gr\u00e2ce au prototypage de cartes \u00e9lectroniques et \u00e0 des cycles d\u2019it\u00e9ration rapides, nos ing\u00e9nieurs r\u00e9duisent les risques, valident les performances et maintiennent une trajectoire claire vers l\u2019industrialisation. Ce [&hellip;]<\/p>\n","protected":false},"author":3,"featured_media":0,"parent":667,"menu_order":0,"comment_status":"closed","ping_status":"closed","template":"","meta":{"_seopress_robots_primary_cat":"","_seopress_titles_title":"","_seopress_titles_desc":"Prototypage \u00e9lectronique rapide pour valider les conceptions, r\u00e9duire les risques et acc\u00e9l\u00e9rer le passage du concept \u00e0 l\u2019industrialisation.","_seopress_robots_index":"","footnotes":""},"class_list":["post-697","page","type-page","status-publish"],"_links":{"self":[{"href":"https:\/\/www.icare-electronics.com\/fr\/wp-json\/wp\/v2\/pages\/697","targetHints":{"allow":["GET"]}}],"collection":[{"href":"https:\/\/www.icare-electronics.com\/fr\/wp-json\/wp\/v2\/pages"}],"about":[{"href":"https:\/\/www.icare-electronics.com\/fr\/wp-json\/wp\/v2\/types\/page"}],"author":[{"embeddable":true,"href":"https:\/\/www.icare-electronics.com\/fr\/wp-json\/wp\/v2\/users\/3"}],"replies":[{"embeddable":true,"href":"https:\/\/www.icare-electronics.com\/fr\/wp-json\/wp\/v2\/comments?post=697"}],"version-history":[{"count":0,"href":"https:\/\/www.icare-electronics.com\/fr\/wp-json\/wp\/v2\/pages\/697\/revisions"}],"up":[{"embeddable":true,"href":"https:\/\/www.icare-electronics.com\/fr\/wp-json\/wp\/v2\/pages\/667"}],"wp:attachment":[{"href":"https:\/\/www.icare-electronics.com\/fr\/wp-json\/wp\/v2\/media?parent=697"}],"curies":[{"name":"wp","href":"https:\/\/api.w.org\/{rel}","templated":true}]}}