{"id":700,"date":"2025-12-12T08:08:23","date_gmt":"2025-12-12T07:08:23","guid":{"rendered":"https:\/\/www.icare-electronics.com\/services\/pre-series-mass-prod\/"},"modified":"2026-04-07T13:34:30","modified_gmt":"2026-04-07T11:34:30","slug":"pre-series-mass-prod","status":"publish","type":"page","link":"https:\/\/www.icare-electronics.com\/fr\/services\/pre-series-mass-prod\/","title":{"rendered":"Pr\u00e9-s\u00e9rie et production de masse"},"content":{"rendered":"\n<div class=\"wp-block-group alignfull icare-hero is-style-default has-background has-global-padding is-layout-constrained wp-block-group-is-layout-constrained\" style=\"background:linear-gradient(180deg,rgb(255,255,255) 0%,rgb(247,248,253) 100%);margin-top:0;margin-bottom:0;padding-top:var(--wp--preset--spacing--medium);padding-bottom:var(--wp--preset--spacing--x-large);--octopods-group-overflow:hidden;--octopods-group-position:relative\">\n<div class=\"wp-block-columns are-vertically-aligned-center is-layout-flex wp-container-core-columns-is-layout-28f84493 wp-block-columns-is-layout-flex\">\n<div class=\"wp-block-column is-vertically-aligned-center is-layout-flow wp-container-core-column-is-layout-c7b3064f wp-block-column-is-layout-flow\">\n<div class=\"wp-block-group is-vertical is-layout-flex wp-container-core-group-is-layout-e9e558ad wp-block-group-is-layout-flex\"><nav  aria-label=\"Fil d&#039;Ariane\"><ol class=\"breadcrumb\" itemscope itemtype=\"https:\/\/schema.org\/BreadcrumbList\"><li class=\"breadcrumb-item active\" aria-current=\"page\" itemprop=\"itemListElement\" itemscope itemtype=\"https:\/\/schema.org\/ListItem\"><span itemprop=\"name\">Accueil<\/span><meta itemprop=\"position\" content=\"1\"><\/li><\/ol><\/nav>\n\n\n\n<h2 class=\"wp-block-heading\"><mark style=\"background-color:rgba(0, 0, 0, 0)\" class=\"has-inline-color has-secondary-color\"><mark style=\"background-color:rgba(0, 0, 0, 0)\" class=\"has-inline-color has-secondary-color\"><mark style=\"background-color:rgba(0, 0, 0, 0)\" class=\"has-inline-color has-secondary-color\"><mark style=\"background-color:rgba(0, 0, 0, 0)\" class=\"has-inline-color has-secondary-color\">Expertise avanc\u00e9e en fabrication \u00e9lectronique<\/mark><\/mark><\/mark><\/mark><\/h2>\n<\/div>\n\n\n\n<div class=\"wp-block-group is-vertical is-layout-flex wp-container-core-group-is-layout-e9e558ad wp-block-group-is-layout-flex\">\n<p>Chez I-care Electronics, la pr\u00e9s\u00e9rie et la production de masse sont g\u00e9r\u00e9es avec pr\u00e9cision et ma\u00eetrise. Les conceptions valid\u00e9es sont transform\u00e9es en produits fiables, r\u00e9p\u00e9tables et \u00e9conomiquement efficaces, pr\u00eats pour une fabrication \u00e0 grande \u00e9chelle.<\/p>\n\n\n\n<p>Gr\u00e2ce \u00e0 une gestion rigoureuse de la cha\u00eene d\u2019approvisionnement et au contr\u00f4le qualit\u00e9, les risques industriels sont r\u00e9duits, les co\u00fbts ma\u00eetris\u00e9s et la mont\u00e9e en cadence vers la production en volume est s\u00e9curis\u00e9e avec performance et confiance.<\/p>\n<\/div>\n\n\n\n<div class=\"wp-block-buttons is-content-justification-left is-layout-flex wp-container-core-buttons-is-layout-fc4fd283 wp-block-buttons-is-layout-flex\">\n<div class=\"wp-block-button\"><a class=\"wp-block-button__link has-secondary-background-color has-background wp-element-button\" href=\"#en-savoir-plus\" style=\"border-radius:10px\">En savoir plus<\/a><\/div>\n<\/div>\n<\/div>\n\n\n\n<div class=\"wp-block-column is-vertically-aligned-center is-layout-flow wp-block-column-is-layout-flow\">\n<figure class=\"wp-block-image size-full has-custom-border\"><img alt=\"\" loading=\"lazy\" decoding=\"async\" width=\"2560\" height=\"1707\" src=\"https:\/\/www.icare-electronics.com\/wp-content\/uploads\/2025\/12\/cepya-15-scaled.jpg\" alt=\"\" class=\"wp-image-79\" style=\"border-radius:0px;box-shadow:var(--wp--preset--shadow--natural)\" srcset=\"https:\/\/www.icare-electronics.com\/wp-content\/uploads\/2025\/12\/cepya-15-scaled.jpg 2560w, https:\/\/www.icare-electronics.com\/wp-content\/uploads\/2025\/12\/cepya-15-300x200.jpg 300w, https:\/\/www.icare-electronics.com\/wp-content\/uploads\/2025\/12\/cepya-15-1024x683.jpg 1024w, https:\/\/www.icare-electronics.com\/wp-content\/uploads\/2025\/12\/cepya-15-768x512.jpg 768w, https:\/\/www.icare-electronics.com\/wp-content\/uploads\/2025\/12\/cepya-15-1536x1024.jpg 1536w, https:\/\/www.icare-electronics.com\/wp-content\/uploads\/2025\/12\/cepya-15-2048x1365.jpg 2048w, https:\/\/www.icare-electronics.com\/wp-content\/uploads\/2025\/12\/cepya-15-600x400.jpg 600w, https:\/\/www.icare-electronics.com\/wp-content\/uploads\/2025\/12\/cepya-15-1200x800.jpg 1200w, https:\/\/www.icare-electronics.com\/wp-content\/uploads\/2025\/12\/cepya-15-1620x1080.jpg 1620w\" sizes=\"auto, (max-width: 2560px) 100vw, 2560px\" \/><\/figure>\n<\/div>\n<\/div>\n<\/div>\n\n\n\n<div class=\"wp-block-group alignfull is-style-default has-global-padding is-layout-constrained wp-container-core-group-is-layout-874851ae wp-block-group-is-layout-constrained\" style=\"margin-top:0;margin-bottom:0;padding-top:var(--wp--preset--spacing--large);padding-right:0;padding-bottom:var(--wp--preset--spacing--medium);padding-left:0\">\n<div class=\"wp-block-getwid-anchor\" id=\"en-savoir-plus\"><\/div>\n\n\n\n<div class=\"wp-block-columns are-vertically-aligned-center is-layout-flex wp-container-core-columns-is-layout-f72bd040 wp-block-columns-is-layout-flex\" style=\"padding-top:var(--wp--preset--spacing--medium);padding-right:0;padding-bottom:var(--wp--preset--spacing--medium);padding-left:0\">\n<div class=\"wp-block-column is-vertically-aligned-center is-layout-flow wp-block-column-is-layout-flow\">\n<figure class=\"wp-block-image size-full has-custom-border\"><img alt=\"\" loading=\"lazy\" decoding=\"async\" width=\"2560\" height=\"1709\" src=\"https:\/\/www.icare-electronics.com\/wp-content\/uploads\/2025\/12\/cepya-06-scaled.jpg\" alt=\"\" class=\"wp-image-70\" style=\"border-radius:0px;box-shadow:var(--wp--preset--shadow--natural)\" srcset=\"https:\/\/www.icare-electronics.com\/wp-content\/uploads\/2025\/12\/cepya-06-scaled.jpg 2560w, https:\/\/www.icare-electronics.com\/wp-content\/uploads\/2025\/12\/cepya-06-300x200.jpg 300w, https:\/\/www.icare-electronics.com\/wp-content\/uploads\/2025\/12\/cepya-06-1024x684.jpg 1024w, https:\/\/www.icare-electronics.com\/wp-content\/uploads\/2025\/12\/cepya-06-768x513.jpg 768w, https:\/\/www.icare-electronics.com\/wp-content\/uploads\/2025\/12\/cepya-06-1536x1025.jpg 1536w, https:\/\/www.icare-electronics.com\/wp-content\/uploads\/2025\/12\/cepya-06-2048x1367.jpg 2048w, https:\/\/www.icare-electronics.com\/wp-content\/uploads\/2025\/12\/cepya-06-600x401.jpg 600w, https:\/\/www.icare-electronics.com\/wp-content\/uploads\/2025\/12\/cepya-06-1200x801.jpg 1200w, https:\/\/www.icare-electronics.com\/wp-content\/uploads\/2025\/12\/cepya-06-1618x1080.jpg 1618w\" sizes=\"auto, (max-width: 2560px) 100vw, 2560px\" \/><\/figure>\n<\/div>\n\n\n\n<div class=\"wp-block-column is-vertically-aligned-center is-layout-flow wp-container-core-column-is-layout-c7b3064f wp-block-column-is-layout-flow\">\n<div class=\"wp-block-group is-vertical is-layout-flex wp-container-core-group-is-layout-e9e558ad wp-block-group-is-layout-flex\">\n<h2 class=\"wp-block-heading\"><mark style=\"background-color:rgba(0, 0, 0, 0)\" class=\"has-inline-color has-secondary-color\"><mark style=\"background-color:rgba(0, 0, 0, 0)\" class=\"has-inline-color has-secondary-color\"><mark style=\"background-color:rgba(0, 0, 0, 0)\" class=\"has-inline-color has-secondary-color\"><mark style=\"background-color:rgba(0, 0, 0, 0)\" class=\"has-inline-color has-secondary-color\"><mark style=\"background-color:rgba(0, 0, 0, 0)\" class=\"has-inline-color has-secondary-color\"><mark style=\"background-color:rgba(0, 0, 0, 0)\" class=\"has-inline-color has-secondary-color\">Ce que nous faisons<\/mark><\/mark><\/mark><\/mark><\/mark><\/mark><\/h2>\n<\/div>\n\n\n\n<div class=\"wp-block-group is-vertical is-layout-flex wp-container-core-group-is-layout-e9e558ad wp-block-group-is-layout-flex\">\n<p>I-care Electronics accompagne la transition des produits \u00e9lectroniques de la pr\u00e9s\u00e9rie \u00e0 la production de masse en mettant fortement l\u2019accent sur l\u2019industrialisation et la r\u00e9p\u00e9tabilit\u00e9.<\/p>\n\n\n\n<p>Notre \u00e9quipe s\u00e9curise la pr\u00e9paration \u00e0 la fabrication gr\u00e2ce \u00e0 des conceptions optimis\u00e9es, un approvisionnement ma\u00eetris\u00e9 et des processus de production fiables \u00e0 travers l\u2019Europe.<\/p>\n\n\n\n<ul class=\"wp-block-list\">\n<li>Pr\u00e9parer les conceptions et les processus pour une fabrication \u00e9lectronique \u00e9volutive<\/li>\n\n\n\n<li>S\u00e9curiser une production stable gr\u00e2ce \u00e0 un approvisionnement ma\u00eetris\u00e9 et une ex\u00e9cution de qualit\u00e9<\/li>\n<\/ul>\n<\/div>\n\n\n\n<div class=\"wp-block-buttons is-content-justification-left is-layout-flex wp-container-core-buttons-is-layout-fc4fd283 wp-block-buttons-is-layout-flex\">\n<div class=\"wp-block-button\"><a class=\"wp-block-button__link has-secondary-background-color has-background wp-element-button\" href=\"https:\/\/www.icare-electronics.com\/fr\/contact\/\" style=\"border-radius:10px\">Contactez-nous<\/a><\/div>\n<\/div>\n<\/div>\n<\/div>\n<\/div>\n\n\n\n<div class=\"wp-block-group alignfull is-style-default has-background has-global-padding is-layout-constrained wp-container-core-group-is-layout-874851ae wp-block-group-is-layout-constrained\" style=\"background:linear-gradient(180deg,rgb(255,255,255) 0%,rgb(247,248,253) 100%);margin-top:0;margin-bottom:0;padding-top:var(--wp--preset--spacing--large);padding-right:0;padding-bottom:var(--wp--preset--spacing--medium);padding-left:0\">\n<div class=\"wp-block-columns are-vertically-aligned-center is-style-columns-reverse is-layout-flex wp-container-core-columns-is-layout-f72bd040 wp-block-columns-is-layout-flex\" style=\"padding-top:var(--wp--preset--spacing--medium);padding-right:0;padding-bottom:var(--wp--preset--spacing--medium);padding-left:0\">\n<div class=\"wp-block-column is-vertically-aligned-center is-layout-flow wp-container-core-column-is-layout-c7b3064f wp-block-column-is-layout-flow\">\n<div class=\"wp-block-group is-vertical is-layout-flex wp-container-core-group-is-layout-e9e558ad wp-block-group-is-layout-flex\">\n<h2 class=\"wp-block-heading\"><mark style=\"background-color:rgba(0, 0, 0, 0)\" class=\"has-inline-color has-secondary-color\"><mark style=\"background-color:rgba(0, 0, 0, 0)\" class=\"has-inline-color has-secondary-color\"><mark style=\"background-color:rgba(0, 0, 0, 0)\" class=\"has-inline-color has-secondary-color\"><mark style=\"background-color:rgba(0, 0, 0, 0)\" class=\"has-inline-color has-secondary-color\"><mark style=\"background-color:rgba(0, 0, 0, 0)\" class=\"has-inline-color has-secondary-color\"><mark style=\"background-color:rgba(0, 0, 0, 0)\" class=\"has-inline-color has-secondary-color\">Comment nous proc\u00e9dons<\/mark><\/mark><\/mark><\/mark><\/mark><\/mark><\/h2>\n<\/div>\n\n\n\n<div class=\"wp-block-group is-vertical is-layout-flex wp-container-core-group-is-layout-e9e558ad wp-block-group-is-layout-flex\">\n<p>L\u2019industrialisation d\u00e9bute par la traduction des exigences en sp\u00e9cifications industrielles claires, suivie de fabrications en pr\u00e9s\u00e9rie ma\u00eetris\u00e9es, de la validation des processus et de l\u2019optimisation de la production. Chaque \u00e9tape est men\u00e9e afin de garantir une conception robuste et r\u00e9p\u00e9table, align\u00e9e sur les objectifs de qualit\u00e9, de co\u00fbt et de volume.<\/p>\n\n\n\n<p>L\u2019expertise en fabrication, des m\u00e9thodes industrielles structur\u00e9es et une collaboration \u00e9troite garantissent une mont\u00e9e en cadence fiable de la pr\u00e9s\u00e9rie \u00e0 la production de masse.<\/p>\n\n\n\n<ul class=\"wp-block-list\">\n<li>Valider les processus industriels avant la mont\u00e9e en volume<\/li>\n\n\n\n<li>Garantir la r\u00e9p\u00e9tabilit\u00e9 sur l\u2019ensemble des volumes de production<\/li>\n<\/ul>\n<\/div>\n\n\n\n<div class=\"wp-block-buttons is-content-justification-left is-layout-flex wp-container-core-buttons-is-layout-fc4fd283 wp-block-buttons-is-layout-flex\">\n<div class=\"wp-block-button\"><a class=\"wp-block-button__link has-secondary-background-color has-background wp-element-button\" href=\"https:\/\/www.icare-electronics.com\/fr\/contact\/\" style=\"border-radius:10px\">\u00c9changer avec nos \u00e9quipes<\/a><\/div>\n<\/div>\n<\/div>\n\n\n\n<div class=\"wp-block-column is-vertically-aligned-center is-layout-flow wp-block-column-is-layout-flow\">\n<figure class=\"wp-block-image size-full has-custom-border\"><img alt=\"\" loading=\"lazy\" decoding=\"async\" width=\"2560\" height=\"1709\" src=\"https:\/\/www.icare-electronics.com\/wp-content\/uploads\/2025\/12\/cepya-08-scaled.jpg\" alt=\"\" class=\"wp-image-72\" style=\"border-radius:0px;box-shadow:var(--wp--preset--shadow--natural)\" srcset=\"https:\/\/www.icare-electronics.com\/wp-content\/uploads\/2025\/12\/cepya-08-scaled.jpg 2560w, https:\/\/www.icare-electronics.com\/wp-content\/uploads\/2025\/12\/cepya-08-300x200.jpg 300w, https:\/\/www.icare-electronics.com\/wp-content\/uploads\/2025\/12\/cepya-08-1024x684.jpg 1024w, https:\/\/www.icare-electronics.com\/wp-content\/uploads\/2025\/12\/cepya-08-768x513.jpg 768w, https:\/\/www.icare-electronics.com\/wp-content\/uploads\/2025\/12\/cepya-08-1536x1025.jpg 1536w, https:\/\/www.icare-electronics.com\/wp-content\/uploads\/2025\/12\/cepya-08-2048x1367.jpg 2048w, https:\/\/www.icare-electronics.com\/wp-content\/uploads\/2025\/12\/cepya-08-600x401.jpg 600w, https:\/\/www.icare-electronics.com\/wp-content\/uploads\/2025\/12\/cepya-08-1200x801.jpg 1200w, https:\/\/www.icare-electronics.com\/wp-content\/uploads\/2025\/12\/cepya-08-1618x1080.jpg 1618w\" sizes=\"auto, (max-width: 2560px) 100vw, 2560px\" \/><\/figure>\n<\/div>\n<\/div>\n<\/div>\n\n\n\n<div class=\"wp-block-group alignfull is-style-default has-background has-global-padding is-layout-constrained wp-container-core-group-is-layout-a627c081 wp-block-group-is-layout-constrained\" style=\"background:linear-gradient(0deg,rgb(255,255,255) 0%,rgb(247,248,253) 100%);margin-top:0;margin-bottom:0;padding-top:var(--wp--preset--spacing--large);padding-right:0;padding-bottom:var(--wp--preset--spacing--medium);padding-left:0;--octopods-group-z-index:\">\n<div class=\"wp-block-group has-background has-global-padding is-layout-constrained wp-container-core-group-is-layout-0aea75bd wp-block-group-is-layout-constrained\" style=\"background:linear-gradient(0deg,rgb(255,255,255) 0%,rgb(247,248,253) 100%);padding-top:var(--wp--preset--spacing--medium);padding-right:0;padding-bottom:var(--wp--preset--spacing--medium);padding-left:0\">\n<div class=\"wp-block-columns are-vertically-aligned-center is-style-columns-reverse has-background is-layout-flex wp-container-core-columns-is-layout-540af771 wp-block-columns-is-layout-flex\" style=\"border-radius:0px;background:linear-gradient(226deg,rgb(0,102,184) 26%,rgb(28,45,56) 70%);margin-top:0;margin-bottom:0;padding-top:var(--wp--preset--spacing--medium);padding-right:var(--wp--preset--spacing--medium);padding-bottom:var(--wp--preset--spacing--medium);padding-left:var(--wp--preset--spacing--medium);box-shadow:var(--wp--preset--shadow--natural)\">\n<div class=\"wp-block-column is-vertically-aligned-center is-layout-flow wp-container-core-column-is-layout-c7b3064f wp-block-column-is-layout-flow\" style=\"flex-basis:60%\">\n<div class=\"wp-block-group is-vertical is-layout-flex wp-container-core-group-is-layout-fe9cc265 wp-block-group-is-layout-flex\">\n<h2 class=\"wp-block-heading has-base-color has-text-color has-link-color wp-elements-77cf5b421e73bd577304958258be613a\"><mark style=\"background-color:rgba(0, 0, 0, 0)\" class=\"has-inline-color has-secondary-color\"><mark style=\"background-color:rgba(0, 0, 0, 0)\" class=\"has-inline-color has-secondary-color\"><mark style=\"background-color:rgba(0, 0, 0, 0)\" class=\"has-inline-color has-secondary-color\"><mark style=\"background-color:rgba(0, 0, 0, 0)\" class=\"has-inline-color has-secondary-color\"><mark style=\"background-color:rgba(0, 0, 0, 0)\" class=\"has-inline-color has-secondary-color\"><mark style=\"background-color:rgba(0, 0, 0, 0)\" class=\"has-inline-color has-secondary-color\">R\u00e9sultats que nous d\u00e9livrons<\/mark><\/mark><\/mark><\/mark><\/mark><\/mark><\/h2>\n<\/div>\n\n\n\n<div class=\"wp-block-group is-vertical is-layout-flex wp-container-core-group-is-layout-e9e558ad wp-block-group-is-layout-flex\">\n<p class=\"has-base-color has-text-color has-link-color wp-elements-eb696f95c3c1cbbcbf0df6a246bbddf8\">Une solution \u00e9lectronique enti\u00e8rement industrialis\u00e9e, pr\u00eate pour la validation en pr\u00e9s\u00e9rie et une production de masse \u00e9volutive. Les conceptions sont optimis\u00e9es pour l\u2019industrialisation, valid\u00e9es par des fabrications en pr\u00e9s\u00e9rie et soutenues par des tests rigoureux afin de garantir des performances constantes \u00e0 grande \u00e9chelle.<\/p>\n\n\n\n<p class=\"has-base-color has-text-color has-link-color wp-elements-216a978fd3fd724dc5af9121f7e53a94\">Du contr\u00f4le des processus \u00e0 la mont\u00e9e en cadence de la production, chaque \u00e9tape est ma\u00eetris\u00e9e afin d\u2019assurer une transition fluide, fiable et contr\u00f4l\u00e9e vers la production de masse.<\/p>\n<\/div>\n\n\n\n<div class=\"wp-block-buttons is-layout-flex wp-block-buttons-is-layout-flex\">\n<div class=\"wp-block-button\"><a class=\"wp-block-button__link wp-element-button\" href=\"https:\/\/www.icare-electronics.com\/fr\/contact\/\" style=\"border-radius:10px\">Demander un devis<\/a><\/div>\n<\/div>\n<\/div>\n\n\n\n<div class=\"wp-block-column is-vertically-aligned-center is-layout-flow wp-block-column-is-layout-flow\" style=\"flex-basis:40%\">\n<div class=\"wp-block-getwid-images-stack is-layout-zeta\"><div class=\"wp-block-getwid-images-stack__wrapper\"><div class=\"wp-block-getwid-images-stack__chunk\"><div class=\"wp-block-getwid-images-stack__media-wrapper\"><div class=\"wp-block-getwid-images-stack__media-inner-wrapper\"><img alt=\"\" loading=\"lazy\" decoding=\"async\" width=\"684\" height=\"1024\" class=\"wp-block-getwid-images-stack__media wp-image-68\" src=\"https:\/\/www.icare-electronics.com\/wp-content\/uploads\/2025\/12\/cepya-04-684x1024.jpg\" data-id=\"68\" data-link=\"https:\/\/www.icare-electronics.com\/cepya-04\/\" srcset=\"https:\/\/www.icare-electronics.com\/wp-content\/uploads\/2025\/12\/cepya-04-684x1024.jpg 684w, https:\/\/www.icare-electronics.com\/wp-content\/uploads\/2025\/12\/cepya-04-200x300.jpg 200w, https:\/\/www.icare-electronics.com\/wp-content\/uploads\/2025\/12\/cepya-04-768x1150.jpg 768w, https:\/\/www.icare-electronics.com\/wp-content\/uploads\/2025\/12\/cepya-04-1025x1536.jpg 1025w, https:\/\/www.icare-electronics.com\/wp-content\/uploads\/2025\/12\/cepya-04-1367x2048.jpg 1367w, https:\/\/www.icare-electronics.com\/wp-content\/uploads\/2025\/12\/cepya-04-300x450.jpg 300w, https:\/\/www.icare-electronics.com\/wp-content\/uploads\/2025\/12\/cepya-04-601x900.jpg 601w, https:\/\/www.icare-electronics.com\/wp-content\/uploads\/2025\/12\/cepya-04-721x1080.jpg 721w, https:\/\/www.icare-electronics.com\/wp-content\/uploads\/2025\/12\/cepya-04-scaled.jpg 1709w\" sizes=\"auto, (max-width: 684px) 100vw, 684px\" \/><\/div><\/div><div class=\"wp-block-getwid-images-stack__media-wrapper\"><div class=\"wp-block-getwid-images-stack__media-inner-wrapper\"><img alt=\"\" loading=\"lazy\" decoding=\"async\" width=\"1024\" height=\"683\" class=\"wp-block-getwid-images-stack__media wp-image-81\" src=\"https:\/\/www.icare-electronics.com\/wp-content\/uploads\/2025\/12\/cepya-17-1024x683.jpg\" data-id=\"81\" data-link=\"https:\/\/www.icare-electronics.com\/cepya-17\/\" srcset=\"https:\/\/www.icare-electronics.com\/wp-content\/uploads\/2025\/12\/cepya-17-1024x683.jpg 1024w, https:\/\/www.icare-electronics.com\/wp-content\/uploads\/2025\/12\/cepya-17-300x200.jpg 300w, https:\/\/www.icare-electronics.com\/wp-content\/uploads\/2025\/12\/cepya-17-768x512.jpg 768w, https:\/\/www.icare-electronics.com\/wp-content\/uploads\/2025\/12\/cepya-17-1536x1024.jpg 1536w, https:\/\/www.icare-electronics.com\/wp-content\/uploads\/2025\/12\/cepya-17-2048x1365.jpg 2048w, https:\/\/www.icare-electronics.com\/wp-content\/uploads\/2025\/12\/cepya-17-600x400.jpg 600w, https:\/\/www.icare-electronics.com\/wp-content\/uploads\/2025\/12\/cepya-17-1200x800.jpg 1200w, https:\/\/www.icare-electronics.com\/wp-content\/uploads\/2025\/12\/cepya-17-1620x1080.jpg 1620w\" sizes=\"auto, (max-width: 1024px) 100vw, 1024px\" \/><\/div><\/div><div class=\"wp-block-getwid-images-stack__media-wrapper\"><div class=\"wp-block-getwid-images-stack__media-inner-wrapper\"><img alt=\"\" loading=\"lazy\" decoding=\"async\" width=\"1024\" height=\"684\" class=\"wp-block-getwid-images-stack__media wp-image-65\" src=\"https:\/\/www.icare-electronics.com\/wp-content\/uploads\/2025\/12\/cepya-01-1024x684.jpg\" data-id=\"65\" data-link=\"https:\/\/www.icare-electronics.com\/cepya-01\/\" srcset=\"https:\/\/www.icare-electronics.com\/wp-content\/uploads\/2025\/12\/cepya-01-1024x684.jpg 1024w, https:\/\/www.icare-electronics.com\/wp-content\/uploads\/2025\/12\/cepya-01-300x200.jpg 300w, https:\/\/www.icare-electronics.com\/wp-content\/uploads\/2025\/12\/cepya-01-768x513.jpg 768w, https:\/\/www.icare-electronics.com\/wp-content\/uploads\/2025\/12\/cepya-01-1536x1025.jpg 1536w, https:\/\/www.icare-electronics.com\/wp-content\/uploads\/2025\/12\/cepya-01-2048x1367.jpg 2048w, https:\/\/www.icare-electronics.com\/wp-content\/uploads\/2025\/12\/cepya-01-600x401.jpg 600w, https:\/\/www.icare-electronics.com\/wp-content\/uploads\/2025\/12\/cepya-01-1200x801.jpg 1200w, https:\/\/www.icare-electronics.com\/wp-content\/uploads\/2025\/12\/cepya-01-1618x1080.jpg 1618w\" sizes=\"auto, (max-width: 1024px) 100vw, 1024px\" \/><\/div><\/div><\/div><\/div><\/div>\n<\/div>\n<\/div>\n<\/div>\n<\/div>\n","protected":false},"excerpt":{"rendered":"<p>Expertise avanc\u00e9e en fabrication \u00e9lectronique Chez I-care Electronics, la pr\u00e9s\u00e9rie et la production de masse sont g\u00e9r\u00e9es avec pr\u00e9cision et ma\u00eetrise. Les conceptions valid\u00e9es sont transform\u00e9es en produits fiables, r\u00e9p\u00e9tables et \u00e9conomiquement efficaces, pr\u00eats pour une fabrication \u00e0 grande \u00e9chelle. Gr\u00e2ce \u00e0 une gestion rigoureuse de la cha\u00eene d\u2019approvisionnement et au contr\u00f4le qualit\u00e9, les risques [&hellip;]<\/p>\n","protected":false},"author":5,"featured_media":0,"parent":667,"menu_order":0,"comment_status":"closed","ping_status":"closed","template":"","meta":{"_seopress_robots_primary_cat":"","_seopress_titles_title":"","_seopress_titles_desc":"De la pr\u00e9s\u00e9rie \u00e0 la production de masse, I-care Electronics s\u00e9curise l\u2019industrialisation gr\u00e2ce \u00e0 des conceptions optimis\u00e9es, un approvisionnement ma\u00eetris\u00e9 et une fabrication fiable.","_seopress_robots_index":"","footnotes":""},"class_list":["post-700","page","type-page","status-publish"],"_links":{"self":[{"href":"https:\/\/www.icare-electronics.com\/fr\/wp-json\/wp\/v2\/pages\/700","targetHints":{"allow":["GET"]}}],"collection":[{"href":"https:\/\/www.icare-electronics.com\/fr\/wp-json\/wp\/v2\/pages"}],"about":[{"href":"https:\/\/www.icare-electronics.com\/fr\/wp-json\/wp\/v2\/types\/page"}],"author":[{"embeddable":true,"href":"https:\/\/www.icare-electronics.com\/fr\/wp-json\/wp\/v2\/users\/5"}],"replies":[{"embeddable":true,"href":"https:\/\/www.icare-electronics.com\/fr\/wp-json\/wp\/v2\/comments?post=700"}],"version-history":[{"count":0,"href":"https:\/\/www.icare-electronics.com\/fr\/wp-json\/wp\/v2\/pages\/700\/revisions"}],"up":[{"embeddable":true,"href":"https:\/\/www.icare-electronics.com\/fr\/wp-json\/wp\/v2\/pages\/667"}],"wp:attachment":[{"href":"https:\/\/www.icare-electronics.com\/fr\/wp-json\/wp\/v2\/media?parent=700"}],"curies":[{"name":"wp","href":"https:\/\/api.w.org\/{rel}","templated":true}]}}