{"id":703,"date":"2025-12-12T08:02:35","date_gmt":"2025-12-12T07:02:35","guid":{"rendered":"https:\/\/www.icare-electronics.com\/services\/integration-final-assembly\/"},"modified":"2026-04-07T13:34:00","modified_gmt":"2026-04-07T11:34:00","slug":"integration-final-assembly","status":"publish","type":"page","link":"https:\/\/www.icare-electronics.com\/fr\/services\/integration-final-assembly\/","title":{"rendered":"Int\u00e9gration et assemblage final"},"content":{"rendered":"\n<div class=\"wp-block-group alignfull icare-hero is-style-default has-background has-global-padding is-layout-constrained wp-block-group-is-layout-constrained\" style=\"background:linear-gradient(180deg,rgb(255,255,255) 0%,rgb(247,248,253) 100%);margin-top:0;margin-bottom:0;padding-top:var(--wp--preset--spacing--medium);padding-bottom:var(--wp--preset--spacing--x-large);--octopods-group-overflow:hidden;--octopods-group-position:relative\">\n<div class=\"wp-block-columns are-vertically-aligned-center is-layout-flex wp-container-core-columns-is-layout-28f84493 wp-block-columns-is-layout-flex\">\n<div class=\"wp-block-column is-vertically-aligned-center is-layout-flow wp-container-core-column-is-layout-c7b3064f wp-block-column-is-layout-flow\">\n<div class=\"wp-block-group is-vertical is-layout-flex wp-container-core-group-is-layout-e9e558ad wp-block-group-is-layout-flex\"><nav  aria-label=\"Fil d&#039;Ariane\"><ol class=\"breadcrumb\" itemscope itemtype=\"https:\/\/schema.org\/BreadcrumbList\"><li class=\"breadcrumb-item active\" aria-current=\"page\" itemprop=\"itemListElement\" itemscope itemtype=\"https:\/\/schema.org\/ListItem\"><span itemprop=\"name\">Accueil<\/span><meta itemprop=\"position\" content=\"1\"><\/li><\/ol><\/nav>\n\n\n\n<h2 class=\"wp-block-heading\"><mark style=\"background-color:rgba(0, 0, 0, 0)\" class=\"has-inline-color has-secondary-color\"><mark style=\"background-color:rgba(0, 0, 0, 0)\" class=\"has-inline-color has-secondary-color\"><mark style=\"background-color:rgba(0, 0, 0, 0)\" class=\"has-inline-color has-secondary-color\"><mark style=\"background-color:rgba(0, 0, 0, 0)\" class=\"has-inline-color has-secondary-color\">Expertise avanc\u00e9e en int\u00e9gration \u00e9lectronique et assemblage final<\/mark><\/mark><\/mark><\/mark><\/h2>\n<\/div>\n\n\n\n<div class=\"wp-block-group is-vertical is-layout-flex wp-container-core-group-is-layout-e9e558ad wp-block-group-is-layout-flex\">\n<p>Chez I-care Electronics, l\u2019int\u00e9gration \u00e9lectronique et l\u2019assemblage final sont r\u00e9alis\u00e9s avec pr\u00e9cision et ma\u00eetrise. Notre \u00e9quipe veille \u00e0 ce que chaque carte s\u2019int\u00e8gre parfaitement dans son environnement et r\u00e9ponde aux exigences fonctionnelles, m\u00e9caniques et industrielles.<\/p>\n\n\n\n<p>Gr\u00e2ce \u00e0 une expertise au niveau syst\u00e8me, les cartes valid\u00e9es deviennent des produits enti\u00e8rement int\u00e9gr\u00e9s et pr\u00eats \u00e0 l\u2019emploi, avec une qualit\u00e9 constante et des risques d\u2019assemblage r\u00e9duits.<\/p>\n<\/div>\n\n\n\n<div class=\"wp-block-buttons is-content-justification-left is-layout-flex wp-container-core-buttons-is-layout-fc4fd283 wp-block-buttons-is-layout-flex\">\n<div class=\"wp-block-button\"><a class=\"wp-block-button__link has-secondary-background-color has-background wp-element-button\" href=\"#en-savoir-plus\" style=\"border-radius:5px\">En savoir plus<\/a><\/div>\n<\/div>\n<\/div>\n\n\n\n<div class=\"wp-block-column is-vertically-aligned-center is-layout-flow wp-block-column-is-layout-flow\">\n<figure class=\"wp-block-image size-full has-custom-border\"><img alt=\"\" loading=\"lazy\" decoding=\"async\" width=\"2560\" height=\"1709\" src=\"https:\/\/www.icare-electronics.com\/wp-content\/uploads\/2025\/12\/cepya-02-scaled.jpg\" alt=\"\" class=\"wp-image-66\" style=\"border-radius:0px;box-shadow:var(--wp--preset--shadow--natural)\" srcset=\"https:\/\/www.icare-electronics.com\/wp-content\/uploads\/2025\/12\/cepya-02-scaled.jpg 2560w, https:\/\/www.icare-electronics.com\/wp-content\/uploads\/2025\/12\/cepya-02-300x200.jpg 300w, https:\/\/www.icare-electronics.com\/wp-content\/uploads\/2025\/12\/cepya-02-1024x684.jpg 1024w, https:\/\/www.icare-electronics.com\/wp-content\/uploads\/2025\/12\/cepya-02-768x513.jpg 768w, https:\/\/www.icare-electronics.com\/wp-content\/uploads\/2025\/12\/cepya-02-1536x1025.jpg 1536w, https:\/\/www.icare-electronics.com\/wp-content\/uploads\/2025\/12\/cepya-02-2048x1367.jpg 2048w, https:\/\/www.icare-electronics.com\/wp-content\/uploads\/2025\/12\/cepya-02-600x401.jpg 600w, https:\/\/www.icare-electronics.com\/wp-content\/uploads\/2025\/12\/cepya-02-1200x801.jpg 1200w, https:\/\/www.icare-electronics.com\/wp-content\/uploads\/2025\/12\/cepya-02-1618x1080.jpg 1618w\" sizes=\"auto, (max-width: 2560px) 100vw, 2560px\" \/><\/figure>\n<\/div>\n<\/div>\n<\/div>\n\n\n\n<div class=\"wp-block-group alignfull is-style-default has-global-padding is-layout-constrained wp-container-core-group-is-layout-874851ae wp-block-group-is-layout-constrained\" style=\"margin-top:0;margin-bottom:0;padding-top:var(--wp--preset--spacing--large);padding-right:0;padding-bottom:var(--wp--preset--spacing--medium);padding-left:0\">\n<div class=\"wp-block-getwid-anchor\" id=\"en-savoir-plus\"><\/div>\n\n\n\n<div class=\"wp-block-columns are-vertically-aligned-center is-layout-flex wp-container-core-columns-is-layout-f72bd040 wp-block-columns-is-layout-flex\" style=\"padding-top:var(--wp--preset--spacing--medium);padding-right:0;padding-bottom:var(--wp--preset--spacing--medium);padding-left:0\">\n<div class=\"wp-block-column is-vertically-aligned-center is-layout-flow wp-block-column-is-layout-flow\">\n<figure class=\"wp-block-image size-full has-custom-border\"><img alt=\"\" loading=\"lazy\" decoding=\"async\" width=\"2560\" height=\"1709\" src=\"https:\/\/www.icare-electronics.com\/wp-content\/uploads\/2025\/12\/cepya-11-scaled.jpg\" alt=\"\" class=\"wp-image-75\" style=\"border-radius:0px;box-shadow:var(--wp--preset--shadow--natural)\" srcset=\"https:\/\/www.icare-electronics.com\/wp-content\/uploads\/2025\/12\/cepya-11-scaled.jpg 2560w, https:\/\/www.icare-electronics.com\/wp-content\/uploads\/2025\/12\/cepya-11-300x200.jpg 300w, https:\/\/www.icare-electronics.com\/wp-content\/uploads\/2025\/12\/cepya-11-1024x684.jpg 1024w, https:\/\/www.icare-electronics.com\/wp-content\/uploads\/2025\/12\/cepya-11-768x513.jpg 768w, https:\/\/www.icare-electronics.com\/wp-content\/uploads\/2025\/12\/cepya-11-1536x1025.jpg 1536w, https:\/\/www.icare-electronics.com\/wp-content\/uploads\/2025\/12\/cepya-11-2048x1367.jpg 2048w, https:\/\/www.icare-electronics.com\/wp-content\/uploads\/2025\/12\/cepya-11-600x401.jpg 600w, https:\/\/www.icare-electronics.com\/wp-content\/uploads\/2025\/12\/cepya-11-1200x801.jpg 1200w, https:\/\/www.icare-electronics.com\/wp-content\/uploads\/2025\/12\/cepya-11-1618x1080.jpg 1618w\" sizes=\"auto, (max-width: 2560px) 100vw, 2560px\" \/><\/figure>\n<\/div>\n\n\n\n<div class=\"wp-block-column is-vertically-aligned-center is-layout-flow wp-container-core-column-is-layout-c7b3064f wp-block-column-is-layout-flow\">\n<div class=\"wp-block-group is-vertical is-layout-flex wp-container-core-group-is-layout-e9e558ad wp-block-group-is-layout-flex\">\n<h2 class=\"wp-block-heading\"><mark style=\"background-color:rgba(0, 0, 0, 0)\" class=\"has-inline-color has-secondary-color\"><mark style=\"background-color:rgba(0, 0, 0, 0)\" class=\"has-inline-color has-secondary-color\"><mark style=\"background-color:rgba(0, 0, 0, 0)\" class=\"has-inline-color has-secondary-color\"><mark style=\"background-color:rgba(0, 0, 0, 0)\" class=\"has-inline-color has-secondary-color\">Ce que nous faisons<\/mark><\/mark><\/mark><\/mark><\/h2>\n<\/div>\n\n\n\n<div class=\"wp-block-group is-vertical is-layout-flex wp-container-core-group-is-layout-e9e558ad wp-block-group-is-layout-flex\">\n<p>L\u2019int\u00e9gration \u00e9lectronique et l\u2019assemblage des produits finis sont g\u00e9r\u00e9s avec un fort accent sur la coh\u00e9rence syst\u00e8me et la qualit\u00e9 d\u2019ex\u00e9cution. De l\u2019int\u00e9gration des cartes \u00e0 la validation finale, la robustesse, la r\u00e9p\u00e9tabilit\u00e9 et l\u2019industrialisation restent centrales.<\/p>\n\n\n\n<p>Les services prennent en charge aussi bien les fabrications en petites s\u00e9ries que les assemblages industriels \u00e9volutifs, permettant une transition ma\u00eetris\u00e9e de la pr\u00e9s\u00e9rie \u00e0 la production de masse.<\/p>\n\n\n\n<ul class=\"wp-block-list\">\n<li>Int\u00e9grer les cartes \u00e9lectroniques dans des produits complets<\/li>\n\n\n\n<li>Assurer un assemblage final r\u00e9p\u00e9table, pr\u00eat pour le passage \u00e0 l\u2019\u00e9chelle<\/li>\n<\/ul>\n<\/div>\n\n\n\n<div class=\"wp-block-buttons is-content-justification-left is-layout-flex wp-container-core-buttons-is-layout-fc4fd283 wp-block-buttons-is-layout-flex\">\n<div class=\"wp-block-button\"><a class=\"wp-block-button__link has-secondary-background-color has-background wp-element-button\" href=\"https:\/\/www.icare-electronics.com\/fr\/contact\/\" style=\"border-radius:5px\">Contactez-nous<\/a><\/div>\n<\/div>\n<\/div>\n<\/div>\n<\/div>\n\n\n\n<div class=\"wp-block-group alignfull is-style-default has-background has-global-padding is-layout-constrained wp-container-core-group-is-layout-874851ae wp-block-group-is-layout-constrained\" style=\"background:linear-gradient(180deg,rgb(255,255,255) 0%,rgb(247,248,253) 100%);margin-top:0;margin-bottom:0;padding-top:var(--wp--preset--spacing--large);padding-right:0;padding-bottom:var(--wp--preset--spacing--medium);padding-left:0\">\n<div class=\"wp-block-columns are-vertically-aligned-center is-style-columns-reverse is-layout-flex wp-container-core-columns-is-layout-f72bd040 wp-block-columns-is-layout-flex\" style=\"padding-top:var(--wp--preset--spacing--medium);padding-right:0;padding-bottom:var(--wp--preset--spacing--medium);padding-left:0\">\n<div class=\"wp-block-column is-vertically-aligned-center is-layout-flow wp-container-core-column-is-layout-c7b3064f wp-block-column-is-layout-flow\">\n<div class=\"wp-block-group is-vertical is-layout-flex wp-container-core-group-is-layout-e9e558ad wp-block-group-is-layout-flex\">\n<h2 class=\"wp-block-heading\"><mark style=\"background-color:rgba(0, 0, 0, 0)\" class=\"has-inline-color has-secondary-color\"><mark style=\"background-color:rgba(0, 0, 0, 0)\" class=\"has-inline-color has-secondary-color\"><mark style=\"background-color:rgba(0, 0, 0, 0)\" class=\"has-inline-color has-secondary-color\"><mark style=\"background-color:rgba(0, 0, 0, 0)\" class=\"has-inline-color has-secondary-color\"><mark style=\"background-color:rgba(0, 0, 0, 0)\" class=\"has-inline-color has-secondary-color\"><mark style=\"background-color:rgba(0, 0, 0, 0)\" class=\"has-inline-color has-secondary-color\"><mark style=\"background-color:rgba(0, 0, 0, 0)\" class=\"has-inline-color has-secondary-color\"><mark style=\"background-color:rgba(0, 0, 0, 0)\" class=\"has-inline-color has-secondary-color\">Comment nous proc\u00e9dons<\/mark><\/mark><\/mark><\/mark><\/mark><\/mark><\/mark><\/mark><\/h2>\n<\/div>\n\n\n\n<div class=\"wp-block-group is-vertical is-layout-flex wp-container-core-group-is-layout-e9e558ad wp-block-group-is-layout-flex\">\n<p>L\u2019int\u00e9gration d\u00e9bute par une compr\u00e9hension claire de l\u2019environnement du produit, des conditions d\u2019utilisation et des contraintes d\u2019assemblage. Des sp\u00e9cifications d\u2019int\u00e9gration pr\u00e9cises permettent d\u2019anticiper d\u00e8s le d\u00e9part les interactions m\u00e9caniques, thermiques et \u00e9lectriques.<\/p>\n\n\n\n<p>Des m\u00e9thodes industrielles structur\u00e9es et une collaboration \u00e9troite garantissent un assemblage fluide, des processus ma\u00eetris\u00e9s et des r\u00e9sultats fiables tout au long du projet.<\/p>\n\n\n\n<ul class=\"wp-block-list\">\n<li>D\u00e9finir des sp\u00e9cifications d\u2019int\u00e9gration pr\u00e9cises d\u00e8s les premi\u00e8res phases<\/li>\n\n\n\n<li>S\u00e9curiser des processus d\u2019assemblage ma\u00eetris\u00e9s et fiables<\/li>\n<\/ul>\n<\/div>\n\n\n\n<div class=\"wp-block-buttons is-content-justification-left is-layout-flex wp-container-core-buttons-is-layout-fc4fd283 wp-block-buttons-is-layout-flex\">\n<div class=\"wp-block-button\"><a class=\"wp-block-button__link has-secondary-background-color has-background wp-element-button\" href=\"https:\/\/www.icare-electronics.com\/fr\/contact\/\" style=\"border-radius:5px\">\u00c9changer avec nos \u00e9quipes<\/a><\/div>\n<\/div>\n<\/div>\n\n\n\n<div class=\"wp-block-column is-vertically-aligned-center is-layout-flow wp-block-column-is-layout-flow\">\n<figure class=\"wp-block-image size-full has-custom-border\"><img alt=\"\" loading=\"lazy\" decoding=\"async\" width=\"2560\" height=\"1709\" src=\"https:\/\/www.icare-electronics.com\/wp-content\/uploads\/2025\/12\/cepya-12-scaled.jpg\" alt=\"\" class=\"wp-image-76\" style=\"border-radius:0px;box-shadow:var(--wp--preset--shadow--natural)\" srcset=\"https:\/\/www.icare-electronics.com\/wp-content\/uploads\/2025\/12\/cepya-12-scaled.jpg 2560w, https:\/\/www.icare-electronics.com\/wp-content\/uploads\/2025\/12\/cepya-12-300x200.jpg 300w, https:\/\/www.icare-electronics.com\/wp-content\/uploads\/2025\/12\/cepya-12-1024x684.jpg 1024w, https:\/\/www.icare-electronics.com\/wp-content\/uploads\/2025\/12\/cepya-12-768x513.jpg 768w, https:\/\/www.icare-electronics.com\/wp-content\/uploads\/2025\/12\/cepya-12-1536x1025.jpg 1536w, https:\/\/www.icare-electronics.com\/wp-content\/uploads\/2025\/12\/cepya-12-2048x1367.jpg 2048w, https:\/\/www.icare-electronics.com\/wp-content\/uploads\/2025\/12\/cepya-12-600x401.jpg 600w, https:\/\/www.icare-electronics.com\/wp-content\/uploads\/2025\/12\/cepya-12-1200x801.jpg 1200w, https:\/\/www.icare-electronics.com\/wp-content\/uploads\/2025\/12\/cepya-12-1618x1080.jpg 1618w\" sizes=\"auto, (max-width: 2560px) 100vw, 2560px\" \/><\/figure>\n<\/div>\n<\/div>\n<\/div>\n\n\n\n<div class=\"wp-block-group alignfull is-style-default has-background has-global-padding is-layout-constrained wp-container-core-group-is-layout-a627c081 wp-block-group-is-layout-constrained\" style=\"background:linear-gradient(0deg,rgb(255,255,255) 0%,rgb(247,248,253) 100%);margin-top:0;margin-bottom:0;padding-top:var(--wp--preset--spacing--large);padding-right:0;padding-bottom:var(--wp--preset--spacing--medium);padding-left:0;--octopods-group-z-index:\">\n<div class=\"wp-block-group has-background has-global-padding is-layout-constrained wp-container-core-group-is-layout-0aea75bd wp-block-group-is-layout-constrained\" style=\"background:linear-gradient(0deg,rgb(255,255,255) 0%,rgb(247,248,253) 100%);padding-top:var(--wp--preset--spacing--medium);padding-right:0;padding-bottom:var(--wp--preset--spacing--medium);padding-left:0\">\n<div class=\"wp-block-columns are-vertically-aligned-center is-style-columns-reverse has-background is-layout-flex wp-container-core-columns-is-layout-540af771 wp-block-columns-is-layout-flex\" style=\"border-radius:0px;background:linear-gradient(226deg,rgb(0,102,184) 26%,rgb(28,45,56) 70%);margin-top:0;margin-bottom:0;padding-top:var(--wp--preset--spacing--medium);padding-right:var(--wp--preset--spacing--medium);padding-bottom:var(--wp--preset--spacing--medium);padding-left:var(--wp--preset--spacing--medium);box-shadow:var(--wp--preset--shadow--natural)\">\n<div class=\"wp-block-column is-vertically-aligned-center is-layout-flow wp-container-core-column-is-layout-c7b3064f wp-block-column-is-layout-flow\" style=\"flex-basis:60%\">\n<div class=\"wp-block-group is-vertical is-layout-flex wp-container-core-group-is-layout-fe9cc265 wp-block-group-is-layout-flex\">\n<h2 class=\"wp-block-heading has-base-color has-text-color has-link-color wp-elements-77cf5b421e73bd577304958258be613a\"><mark style=\"background-color:rgba(0, 0, 0, 0)\" class=\"has-inline-color has-secondary-color\"><mark style=\"background-color:rgba(0, 0, 0, 0)\" class=\"has-inline-color has-secondary-color\"><mark style=\"background-color:rgba(0, 0, 0, 0)\" class=\"has-inline-color has-secondary-color\"><mark style=\"background-color:rgba(0, 0, 0, 0)\" class=\"has-inline-color has-secondary-color\"><mark style=\"background-color:rgba(0, 0, 0, 0)\" class=\"has-inline-color has-secondary-color\"><mark style=\"background-color:rgba(0, 0, 0, 0)\" class=\"has-inline-color has-secondary-color\">R\u00e9sultats que nous d\u00e9livrons<\/mark><\/mark><\/mark><\/mark><\/mark><\/mark><\/h2>\n<\/div>\n\n\n\n<div class=\"wp-block-group is-vertical is-layout-flex wp-container-core-group-is-layout-e9e558ad wp-block-group-is-layout-flex\">\n<p class=\"has-base-color has-text-color has-link-color wp-elements-6f54f9b152497c0b154ceff4fd78d281\">Une solution \u00e9lectronique enti\u00e8rement int\u00e9gr\u00e9e et assembl\u00e9e avec pr\u00e9cision, pr\u00eate pour le d\u00e9ploiement. Les composants et sous-syst\u00e8mes sont int\u00e9gr\u00e9s, assembl\u00e9s et test\u00e9s afin de garantir des performances syst\u00e8me optimales et une coh\u00e9rence fonctionnelle.<\/p>\n\n\n\n<p class=\"has-base-color has-text-color has-link-color wp-elements-986b41d3dfd03b2e7cf708b65738836a\">La validation finale garantit la fiabilit\u00e9, la conformit\u00e9 et un transfert ma\u00eetris\u00e9 vers le d\u00e9ploiement ou la production en s\u00e9rie, sans aucun compromis sur la qualit\u00e9.<\/p>\n<\/div>\n\n\n\n<div class=\"wp-block-buttons is-layout-flex wp-block-buttons-is-layout-flex\">\n<div class=\"wp-block-button\"><a class=\"wp-block-button__link wp-element-button\" href=\"https:\/\/www.icare-electronics.com\/fr\/contact\/\" style=\"border-radius:5px\">Demander un devis<\/a><\/div>\n<\/div>\n<\/div>\n\n\n\n<div class=\"wp-block-column is-vertically-aligned-center is-layout-flow wp-block-column-is-layout-flow\" style=\"flex-basis:40%\">\n<div class=\"wp-block-getwid-images-stack is-layout-zeta\"><div class=\"wp-block-getwid-images-stack__wrapper\"><div class=\"wp-block-getwid-images-stack__chunk\"><div class=\"wp-block-getwid-images-stack__media-wrapper\"><div class=\"wp-block-getwid-images-stack__media-inner-wrapper\"><img alt=\"\" loading=\"lazy\" decoding=\"async\" width=\"684\" height=\"1024\" class=\"wp-block-getwid-images-stack__media wp-image-68\" src=\"https:\/\/www.icare-electronics.com\/wp-content\/uploads\/2025\/12\/cepya-04-684x1024.jpg\" data-id=\"68\" data-link=\"https:\/\/www.icare-electronics.com\/cepya-04\/\" srcset=\"https:\/\/www.icare-electronics.com\/wp-content\/uploads\/2025\/12\/cepya-04-684x1024.jpg 684w, https:\/\/www.icare-electronics.com\/wp-content\/uploads\/2025\/12\/cepya-04-200x300.jpg 200w, https:\/\/www.icare-electronics.com\/wp-content\/uploads\/2025\/12\/cepya-04-768x1150.jpg 768w, https:\/\/www.icare-electronics.com\/wp-content\/uploads\/2025\/12\/cepya-04-1025x1536.jpg 1025w, https:\/\/www.icare-electronics.com\/wp-content\/uploads\/2025\/12\/cepya-04-1367x2048.jpg 1367w, https:\/\/www.icare-electronics.com\/wp-content\/uploads\/2025\/12\/cepya-04-300x450.jpg 300w, https:\/\/www.icare-electronics.com\/wp-content\/uploads\/2025\/12\/cepya-04-601x900.jpg 601w, https:\/\/www.icare-electronics.com\/wp-content\/uploads\/2025\/12\/cepya-04-721x1080.jpg 721w, https:\/\/www.icare-electronics.com\/wp-content\/uploads\/2025\/12\/cepya-04-scaled.jpg 1709w\" sizes=\"auto, (max-width: 684px) 100vw, 684px\" \/><\/div><\/div><div class=\"wp-block-getwid-images-stack__media-wrapper\"><div class=\"wp-block-getwid-images-stack__media-inner-wrapper\"><img alt=\"\" loading=\"lazy\" decoding=\"async\" width=\"1024\" height=\"683\" class=\"wp-block-getwid-images-stack__media wp-image-81\" src=\"https:\/\/www.icare-electronics.com\/wp-content\/uploads\/2025\/12\/cepya-17-1024x683.jpg\" data-id=\"81\" data-link=\"https:\/\/www.icare-electronics.com\/cepya-17\/\" srcset=\"https:\/\/www.icare-electronics.com\/wp-content\/uploads\/2025\/12\/cepya-17-1024x683.jpg 1024w, https:\/\/www.icare-electronics.com\/wp-content\/uploads\/2025\/12\/cepya-17-300x200.jpg 300w, https:\/\/www.icare-electronics.com\/wp-content\/uploads\/2025\/12\/cepya-17-768x512.jpg 768w, https:\/\/www.icare-electronics.com\/wp-content\/uploads\/2025\/12\/cepya-17-1536x1024.jpg 1536w, https:\/\/www.icare-electronics.com\/wp-content\/uploads\/2025\/12\/cepya-17-2048x1365.jpg 2048w, https:\/\/www.icare-electronics.com\/wp-content\/uploads\/2025\/12\/cepya-17-600x400.jpg 600w, https:\/\/www.icare-electronics.com\/wp-content\/uploads\/2025\/12\/cepya-17-1200x800.jpg 1200w, https:\/\/www.icare-electronics.com\/wp-content\/uploads\/2025\/12\/cepya-17-1620x1080.jpg 1620w\" sizes=\"auto, (max-width: 1024px) 100vw, 1024px\" \/><\/div><\/div><div class=\"wp-block-getwid-images-stack__media-wrapper\"><div class=\"wp-block-getwid-images-stack__media-inner-wrapper\"><img alt=\"\" loading=\"lazy\" decoding=\"async\" width=\"1024\" height=\"684\" class=\"wp-block-getwid-images-stack__media wp-image-65\" src=\"https:\/\/www.icare-electronics.com\/wp-content\/uploads\/2025\/12\/cepya-01-1024x684.jpg\" data-id=\"65\" data-link=\"https:\/\/www.icare-electronics.com\/cepya-01\/\" srcset=\"https:\/\/www.icare-electronics.com\/wp-content\/uploads\/2025\/12\/cepya-01-1024x684.jpg 1024w, https:\/\/www.icare-electronics.com\/wp-content\/uploads\/2025\/12\/cepya-01-300x200.jpg 300w, https:\/\/www.icare-electronics.com\/wp-content\/uploads\/2025\/12\/cepya-01-768x513.jpg 768w, https:\/\/www.icare-electronics.com\/wp-content\/uploads\/2025\/12\/cepya-01-1536x1025.jpg 1536w, https:\/\/www.icare-electronics.com\/wp-content\/uploads\/2025\/12\/cepya-01-2048x1367.jpg 2048w, https:\/\/www.icare-electronics.com\/wp-content\/uploads\/2025\/12\/cepya-01-600x401.jpg 600w, https:\/\/www.icare-electronics.com\/wp-content\/uploads\/2025\/12\/cepya-01-1200x801.jpg 1200w, https:\/\/www.icare-electronics.com\/wp-content\/uploads\/2025\/12\/cepya-01-1618x1080.jpg 1618w\" sizes=\"auto, (max-width: 1024px) 100vw, 1024px\" \/><\/div><\/div><\/div><\/div><\/div>\n<\/div>\n<\/div>\n<\/div>\n<\/div>\n","protected":false},"excerpt":{"rendered":"<p>Expertise avanc\u00e9e en int\u00e9gration \u00e9lectronique et assemblage final Chez I-care Electronics, l\u2019int\u00e9gration \u00e9lectronique et l\u2019assemblage final sont r\u00e9alis\u00e9s avec pr\u00e9cision et ma\u00eetrise. Notre \u00e9quipe veille \u00e0 ce que chaque carte s\u2019int\u00e8gre parfaitement dans son environnement et r\u00e9ponde aux exigences fonctionnelles, m\u00e9caniques et industrielles. Gr\u00e2ce \u00e0 une expertise au niveau syst\u00e8me, les cartes valid\u00e9es deviennent des [&hellip;]<\/p>\n","protected":false},"author":3,"featured_media":0,"parent":667,"menu_order":0,"comment_status":"closed","ping_status":"closed","template":"","meta":{"_seopress_robots_primary_cat":"","_seopress_titles_title":"","_seopress_titles_desc":"Services d\u2019int\u00e9gration \u00e9lectronique et d\u2019assemblage final garantissant des syst\u00e8mes fiables, des interfaces valid\u00e9es et des produits pr\u00eats pour la production.","_seopress_robots_index":"","footnotes":""},"class_list":["post-703","page","type-page","status-publish"],"_links":{"self":[{"href":"https:\/\/www.icare-electronics.com\/fr\/wp-json\/wp\/v2\/pages\/703","targetHints":{"allow":["GET"]}}],"collection":[{"href":"https:\/\/www.icare-electronics.com\/fr\/wp-json\/wp\/v2\/pages"}],"about":[{"href":"https:\/\/www.icare-electronics.com\/fr\/wp-json\/wp\/v2\/types\/page"}],"author":[{"embeddable":true,"href":"https:\/\/www.icare-electronics.com\/fr\/wp-json\/wp\/v2\/users\/3"}],"replies":[{"embeddable":true,"href":"https:\/\/www.icare-electronics.com\/fr\/wp-json\/wp\/v2\/comments?post=703"}],"version-history":[{"count":0,"href":"https:\/\/www.icare-electronics.com\/fr\/wp-json\/wp\/v2\/pages\/703\/revisions"}],"up":[{"embeddable":true,"href":"https:\/\/www.icare-electronics.com\/fr\/wp-json\/wp\/v2\/pages\/667"}],"wp:attachment":[{"href":"https:\/\/www.icare-electronics.com\/fr\/wp-json\/wp\/v2\/media?parent=703"}],"curies":[{"name":"wp","href":"https:\/\/api.w.org\/{rel}","templated":true}]}}