{"id":705,"date":"2026-01-15T14:44:10","date_gmt":"2026-01-15T13:44:10","guid":{"rendered":"https:\/\/www.icare-electronics.com\/cookie-policy\/"},"modified":"2026-02-05T15:19:34","modified_gmt":"2026-02-05T14:19:34","slug":"cookie-policy","status":"publish","type":"page","link":"https:\/\/www.icare-electronics.com\/fr\/cookie-policy\/","title":{"rendered":"Politique relative aux cookies"},"content":{"rendered":"\n<div class=\"wp-block-group alignfull icare-hero is-style-shade-left-bottom has-background has-global-padding is-layout-constrained wp-block-group-is-layout-constrained\" style=\"background:linear-gradient(180deg,rgb(255,255,255) 0%,rgb(247,248,253) 64%);margin-top:0;margin-bottom:0;padding-top:var(--wp--preset--spacing--medium);padding-bottom:var(--wp--preset--spacing--medium);--octopods-group-overlay-color:#1a3469;--octopods-group-overflow:hidden;--octopods-group-position:relative\">\n<div style=\"height:150px\" aria-hidden=\"true\" class=\"wp-block-spacer block-visibility-hide-small-screen\"><\/div>\n\n\n\n<div style=\"height:45px\" aria-hidden=\"true\" class=\"wp-block-spacer block-visibility-hide-large-screen block-visibility-hide-medium-screen\"><\/div>\n\n\n\n<div class=\"wp-block-group icare-hero__content has-global-padding is-layout-constrained wp-container-core-group-is-layout-da8ab678 wp-block-group-is-layout-constrained\" style=\"padding-top:var(--wp--preset--spacing--large);--octopods-group-z-index:2;aspect-ratio:unset;\">\n<div class=\"wp-block-group is-layout-flow wp-block-group-is-layout-flow\">\n<h1 class=\"wp-block-heading has-text-align-center\">Politique relative aux cookies<\/h1>\n\n\n\n<hr class=\"wp-block-separator has-text-color has-secondary-color has-alpha-channel-opacity has-secondary-background-color has-background is-style-default\"\/>\n\n\n\n<div style=\"height:30px\" aria-hidden=\"true\" class=\"wp-block-spacer block-visibility-hide-small-screen\"><\/div>\n<\/div>\n<\/div>\n<\/div>\n\n\n\n<div class=\"wp-block-group has-global-padding is-layout-constrained wp-block-group-is-layout-constrained\" style=\"padding-top:var(--wp--preset--spacing--large);padding-bottom:var(--wp--preset--spacing--large)\">\n<div class=\"wp-block-group has-global-padding is-layout-constrained wp-block-group-is-layout-constrained\" style=\"padding-top:var(--wp--preset--spacing--x-small);padding-bottom:var(--wp--preset--spacing--x-small)\">\n<p>I-care Electronics est une division d\u2019I-care.<\/p>\n\n\n\n<p>I-care Electronics (\u00ab nous \u00bb, \u00ab notre \u00bb ou \u00ab nos \u00bb) utilise des cookies sur le site <a href=\"https:\/\/www.icare-electronics.com\/fr\/\">https:\/\/www.icare-electronics.com<\/a> (le \u00ab Service \u00bb). En utilisant le Service, vous consentez \u00e0 l\u2019utilisation de cookies.<\/p>\n\n\n\n<p>Notre politique relative aux cookies explique ce que sont les cookies, comment nous les utilisons, comment les tiers avec lesquels nous pouvons collaborer peuvent utiliser des cookies sur le Service, vos choix concernant les cookies, ainsi que des informations compl\u00e9mentaires \u00e0 leur sujet.<\/p>\n<\/div>\n\n\n\n<div class=\"wp-block-group has-global-padding is-layout-constrained wp-block-group-is-layout-constrained\" style=\"padding-top:var(--wp--preset--spacing--x-small);padding-bottom:var(--wp--preset--spacing--x-small)\">\n<h3 class=\"wp-block-heading has-text-align-left\"><strong>Que sont les cookies<\/strong><\/h3>\n\n\n\n<p>Les cookies sont de petits fichiers texte envoy\u00e9s \u00e0 votre navigateur web par un site que vous visitez. Un fichier cookie est stock\u00e9 dans votre navigateur et permet au Service ou \u00e0 un tiers de vous reconna\u00eetre, de faciliter vos prochaines visites et de rendre le Service plus utile pour vous.<\/p>\n\n\n\n<p>Les cookies peuvent \u00eatre des cookies \u00ab persistants \u00bb ou des cookies de \u00ab session \u00bb. Les cookies persistants restent sur votre ordinateur personnel ou votre appareil mobile lorsque vous \u00eates hors ligne, tandis que les cookies de session sont supprim\u00e9s d\u00e8s que vous fermez votre navigateur web.<\/p>\n<\/div>\n\n\n\n<div class=\"wp-block-group has-global-padding is-layout-constrained wp-block-group-is-layout-constrained\" style=\"padding-top:var(--wp--preset--spacing--x-small);padding-bottom:var(--wp--preset--spacing--x-small)\">\n<h3 class=\"wp-block-heading\"><strong>Comment I-care Electronics utilise les cookies<\/strong><\/h3>\n\n\n\n<p>Lorsque vous utilisez et acc\u00e9dez au Service, nous pouvons placer plusieurs fichiers cookies dans votre navigateur web.<\/p>\n\n\n\n<p>Nous utilisons des cookies aux fins suivantes :<\/p>\n\n\n\n<ul class=\"wp-block-list\">\n<li>Pour permettre certaines fonctionnalit\u00e9s du Service<\/li>\n\n\n\n<li>Pour fournir des analyses statistiques<\/li>\n<\/ul>\n\n\n\n<p>Nous utilisons \u00e0 la fois des cookies de session et des cookies persistants sur le Service, et nous utilisons diff\u00e9rents types de cookies pour faire fonctionner le Service :<\/p>\n\n\n\n<ul class=\"wp-block-list\">\n<li><strong>Cookies essentiels<\/strong>. Nous pouvons utiliser des cookies pour m\u00e9moriser des informations qui modifient le fonctionnement ou l\u2019apparence du Service, comme la pr\u00e9f\u00e9rence de langue d\u2019un utilisateur sur le Service.<\/li>\n\n\n\n<li><strong>Cookies d\u2019analyse<\/strong>. Nous pouvons utiliser des cookies d\u2019analyse pour suivre des informations sur l\u2019utilisation du Service afin d\u2019apporter des am\u00e9liorations. Nous pouvons \u00e9galement utiliser ces cookies pour tester de nouvelles publicit\u00e9s, pages, fonctionnalit\u00e9s ou de nouvelles fonctionnalit\u00e9s du Service afin d\u2019observer la r\u00e9action de nos utilisateurs.<\/li>\n<\/ul>\n<\/div>\n\n\n\n<div class=\"wp-block-group has-global-padding is-layout-constrained wp-block-group-is-layout-constrained\" style=\"padding-top:var(--wp--preset--spacing--x-small);padding-bottom:var(--wp--preset--spacing--x-small)\">\n<h3 class=\"wp-block-heading\"><strong>Cookies tiers<\/strong><\/h3>\n\n\n\n<p>En plus de nos propres cookies, nous pouvons \u00e9galement utiliser divers cookies tiers pour \u00e9tablir des statistiques d\u2019utilisation du Service, diffuser des publicit\u00e9s sur le Service et via celui-ci, et ainsi de suite.<\/p>\n<\/div>\n\n\n\n<div class=\"wp-block-group has-global-padding is-layout-constrained wp-block-group-is-layout-constrained\" style=\"padding-top:var(--wp--preset--spacing--x-small);padding-bottom:var(--wp--preset--spacing--x-small)\">\n<h3 class=\"wp-block-heading\"><strong>Quels sont vos choix concernant les cookies ?<\/strong><\/h3>\n\n\n\n<p>Si vous souhaitez supprimer les cookies ou configurer votre navigateur web pour les supprimer ou les refuser, veuillez consulter les pages d\u2019aide de votre navigateur.<\/p>\n\n\n\n<p>Veuillez noter toutefois que si vous supprimez les cookies ou refusez de les accepter, vous pourriez ne pas pouvoir utiliser toutes les fonctionnalit\u00e9s que nous proposons, vos pr\u00e9f\u00e9rences pourraient ne pas \u00eatre enregistr\u00e9es et certaines de nos pages pourraient ne pas s\u2019afficher correctement.<\/p>\n\n\n\n<ul class=\"wp-block-list\">\n<li>Pour le navigateur web Chrome, veuillez consulter cette page de Google : <a href=\"https:\/\/support.google.com\/accounts\/answer\/32050\">https:\/\/support.google.com\/accounts\/answer\/32050<\/a><\/li>\n\n\n\n<li>Pour le navigateur Internet Explorer, veuillez consulter cette page de Microsoft : <a href=\"https:\/\/support.microsoft.com\/kb\/278835\">https:\/\/support.microsoft.com\/kb\/278835<\/a><\/li>\n\n\n\n<li>Pour le navigateur Firefox, veuillez consulter cette page de Mozilla : <a href=\"https:\/\/support.mozilla.org\/en-US\/kb\/delete-cookies-remove-info-websites-stored\">https:\/\/support.mozilla.org\/en-US\/kb\/delete-cookies-remove-info-websites-stored<\/a><\/li>\n\n\n\n<li>Pour le navigateur Safari, veuillez consulter cette page d\u2019Apple : <a href=\"https:\/\/support.apple.com\/guide\/safari\/manage-cookies-and-website-data-sfri11471\/mac\">https:\/\/support.apple.com\/guide\/safari\/manage-cookies-and-website-data-sfri11471\/mac<\/a><\/li>\n\n\n\n<li>Pour tout autre navigateur web, veuillez consulter les pages officielles de votre navigateur.<\/li>\n<\/ul>\n<\/div>\n\n\n\n<div class=\"wp-block-group has-global-padding is-layout-constrained wp-block-group-is-layout-constrained\" style=\"padding-top:var(--wp--preset--spacing--x-small);padding-bottom:var(--wp--preset--spacing--x-small)\">\n<h3 class=\"wp-block-heading\"><strong>O\u00f9 trouver plus d\u2019informations sur les cookies ?<\/strong><\/h3>\n\n\n\n<p>Vous pouvez en savoir plus sur les cookies en consultant les sites web tiers suivants :<\/p>\n\n\n\n<p><strong>Tout sur les cookies<\/strong> : <a href=\"https:\/\/www.allaboutcookies.org\/\">https:\/\/www.allaboutcookies.org\/<\/a><\/p>\n\n\n\n<p><strong>Initiative de publicit\u00e9 en r\u00e9seau<\/strong> :\u00a0<a href=\"https:\/\/www.networkadvertising.org\/\" target=\"_blank\" rel=\"noopener\">https:\/\/www.networkadvertising.org\/<\/a><\/p>\n<\/div>\n<\/div>\n","protected":false},"excerpt":{"rendered":"<p>Politique relative aux cookies I-care Electronics est une division d\u2019I-care. I-care Electronics (\u00ab nous \u00bb, \u00ab notre \u00bb ou \u00ab nos \u00bb) utilise des cookies sur le site https:\/\/www.icare-electronics.com (le \u00ab Service \u00bb). En utilisant le Service, vous consentez \u00e0 l\u2019utilisation de cookies. Notre politique relative aux cookies explique ce que sont les cookies, comment [&hellip;]<\/p>\n","protected":false},"author":2,"featured_media":0,"parent":0,"menu_order":0,"comment_status":"closed","ping_status":"closed","template":"","meta":{"_seopress_robots_primary_cat":"","_seopress_titles_title":"","_seopress_titles_desc":"","_seopress_robots_index":"","footnotes":""},"class_list":["post-705","page","type-page","status-publish"],"_links":{"self":[{"href":"https:\/\/www.icare-electronics.com\/fr\/wp-json\/wp\/v2\/pages\/705","targetHints":{"allow":["GET"]}}],"collection":[{"href":"https:\/\/www.icare-electronics.com\/fr\/wp-json\/wp\/v2\/pages"}],"about":[{"href":"https:\/\/www.icare-electronics.com\/fr\/wp-json\/wp\/v2\/types\/page"}],"author":[{"embeddable":true,"href":"https:\/\/www.icare-electronics.com\/fr\/wp-json\/wp\/v2\/users\/2"}],"replies":[{"embeddable":true,"href":"https:\/\/www.icare-electronics.com\/fr\/wp-json\/wp\/v2\/comments?post=705"}],"version-history":[{"count":0,"href":"https:\/\/www.icare-electronics.com\/fr\/wp-json\/wp\/v2\/pages\/705\/revisions"}],"wp:attachment":[{"href":"https:\/\/www.icare-electronics.com\/fr\/wp-json\/wp\/v2\/media?parent=705"}],"curies":[{"name":"wp","href":"https:\/\/api.w.org\/{rel}","templated":true}]}}